{"id":89,"date":"2018-04-24T12:42:04","date_gmt":"2018-04-24T12:42:04","guid":{"rendered":"http:\/\/demo.acmethemes.com\/construction-field-pro\/?page_id=240"},"modified":"2023-08-03T11:04:15","modified_gmt":"2023-08-03T08:04:15","slug":"projektid","status":"publish","type":"page","link":"https:\/\/infraway.ee\/en_us\/projektid\/","title":{"rendered":"Finished projects"},"content":{"rendered":"<div id=\"pl-89\"  class=\"panel-layout\" ><div id=\"pg-89-0\"  class=\"panel-grid panel-no-style\" ><div id=\"pgc-89-0-0\"  class=\"panel-grid-cell\" ><div id=\"panel-89-0-0-0\" class=\"so-panel widget widget_construction_field_gallery panel-first-child panel-last-child\" data-index=\"0\" >            <section id=\"construction_field_gallery-3\" class=\"at-widgets acme-gallery\">\r\n                <div class=\"full-width-container\">\r\n                    <div class='at-widget-title-wrapper'><h3 class=\"widget-title\">Gallery<\/h3><\/div>                        <div class=\"row fullwidth-row\">\r\n                                                                <div class=\"at-gallery-item  col-xs-6\">\r\n                                        <div class=\"gallery-inner-item init-animate zoomIn\">\r\n                                            <div class=\"at-bottom-lower\">\r\n                                                <h3>\r\n\t                                                <a href=\"https:\/\/infraway.ee\/en_us\/projektid\/sillaehitus\/\" class=\"all-link\" target=\"_blank\">Bridge construction<\/a>                                                <\/h3>\r\n                                                                                                    <a class=\"image-gallery-widget\" href=\"https:\/\/infraway.ee\/wp-content\/uploads\/2023\/01\/IMG_7805-scaled.jpg\">\r\n                                                        <i class=\"fa fa-search gallery-button primary-bg\"><\/i>\r\n                                                    <\/a>\r\n\t                                                                                            <\/div>\r\n                                            <div class=\"at-gallery-hover\"><\/div>\r\n\t                                        <a href=\"https:\/\/infraway.ee\/en_us\/projektid\/sillaehitus\/\" class=\"all-link\" target=\"_blank\">                                            <img decoding=\"async\" src=\"https:\/\/infraway.ee\/wp-content\/uploads\/2023\/01\/IMG_7805-340x240.jpg\" alt=\"Sillaehitus\" title=\"Bridge construction\" \/>\r\n                                            <\/a>                                        <\/div>\r\n                                    <\/div>\r\n                                                                        <div class=\"at-gallery-item  col-xs-6\">\r\n                                        <div class=\"gallery-inner-item init-animate zoomIn\">\r\n                                            <div class=\"at-bottom-lower\">\r\n                                                <h3>\r\n\t                                                <a href=\"https:\/\/infraway.ee\/en_us\/projektid\/tootmisrajatised\/\" class=\"all-link\" target=\"_blank\">Agricultural and production facilities<\/a>                                                <\/h3>\r\n                                                                                                    <a class=\"image-gallery-widget\" href=\"https:\/\/infraway.ee\/wp-content\/uploads\/2021\/12\/IMG_5135-scaled.jpg\">\r\n                                                        <i class=\"fa fa-search gallery-button primary-bg\"><\/i>\r\n                                                    <\/a>\r\n\t                                                                                            <\/div>\r\n                                            <div class=\"at-gallery-hover\"><\/div>\r\n\t                                        <a href=\"https:\/\/infraway.ee\/en_us\/projektid\/tootmisrajatised\/\" class=\"all-link\" target=\"_blank\">                                            <img decoding=\"async\" src=\"https:\/\/infraway.ee\/wp-content\/uploads\/2021\/12\/IMG_5135-340x240.jpg\" alt=\"P\u00f5llumajandus- ja tootmisrajatised\" title=\"Agricultural and production facilities\" \/>\r\n                                            <\/a>                                        <\/div>\r\n                                    <\/div>\r\n                                                                        <div class=\"at-gallery-item  col-xs-6\">\r\n                                        <div class=\"gallery-inner-item init-animate zoomIn\">\r\n                                            <div class=\"at-bottom-lower\">\r\n                                                <h3>\r\n\t                                                <a href=\"https:\/\/infraway.ee\/en_us\/projektid\/muratokkeseinad\/\" class=\"all-link\" target=\"_blank\">Noise barrier walls<\/a>                                                <\/h3>\r\n                                                                                                    <a class=\"image-gallery-widget\" href=\"https:\/\/infraway.ee\/wp-content\/uploads\/2023\/07\/IMG_7561-scaled.jpg\">\r\n                                                        <i class=\"fa fa-search gallery-button primary-bg\"><\/i>\r\n                                                    <\/a>\r\n\t                                                                                            <\/div>\r\n                                            <div class=\"at-gallery-hover\"><\/div>\r\n\t                                        <a href=\"https:\/\/infraway.ee\/en_us\/projektid\/muratokkeseinad\/\" class=\"all-link\" target=\"_blank\">                                            <img decoding=\"async\" src=\"https:\/\/infraway.ee\/wp-content\/uploads\/2023\/07\/IMG_7561-340x240.jpg\" alt=\"M\u00fcrat\u00f5kkeseinad\" title=\"Noise barrier walls\" \/>\r\n                                            <\/a>                                        <\/div>\r\n                                    <\/div>\r\n                                                                        <div class=\"at-gallery-item  col-xs-6\">\r\n                                        <div class=\"gallery-inner-item init-animate zoomIn\">\r\n                                            <div class=\"at-bottom-lower\">\r\n                                                <h3>\r\n\t                                                <a href=\"https:\/\/infraway.ee\/en_us\/projektid\/projektijuhtimine\/\" class=\"all-link\" target=\"_blank\">Project management<\/a>                                                <\/h3>\r\n                                                                                                    <a class=\"image-gallery-widget\" href=\"https:\/\/infraway.ee\/wp-content\/uploads\/2023\/07\/Loone-Kunka_november-2022_lowres-23-1.jpg\">\r\n                                                        <i class=\"fa fa-search gallery-button primary-bg\"><\/i>\r\n                                                    <\/a>\r\n\t                                                                                            <\/div>\r\n                                            <div class=\"at-gallery-hover\"><\/div>\r\n\t                                        <a href=\"https:\/\/infraway.ee\/en_us\/projektid\/projektijuhtimine\/\" class=\"all-link\" target=\"_blank\">                                            <img decoding=\"async\" src=\"https:\/\/infraway.ee\/wp-content\/uploads\/2023\/07\/Loone-Kunka_november-2022_lowres-23-1-340x240.jpg\" alt=\"Projektijuhtimine\" title=\"Project management\" \/>\r\n                                            <\/a>                                        <\/div>\r\n                                    <\/div>\r\n                                                                        <div class=\"at-gallery-item  col-xs-6\">\r\n                                        <div class=\"gallery-inner-item init-animate zoomIn\">\r\n                                            <div class=\"at-bottom-lower\">\r\n                                                <h3>\r\n\t                                                <a href=\"https:\/\/infraway.ee\/en_us\/projektid\/rekonstrueerimised\/\" class=\"all-link\" target=\"_blank\">Reconstructions<\/a>                                                <\/h3>\r\n                                                                                                    <a class=\"image-gallery-widget\" href=\"https:\/\/infraway.ee\/wp-content\/uploads\/2023\/07\/IMG_5100-scaled.jpg\">\r\n                                                        <i class=\"fa fa-search gallery-button primary-bg\"><\/i>\r\n                                                    <\/a>\r\n\t                                                                                            <\/div>\r\n                                            <div class=\"at-gallery-hover\"><\/div>\r\n\t                                        <a href=\"https:\/\/infraway.ee\/en_us\/projektid\/rekonstrueerimised\/\" class=\"all-link\" target=\"_blank\">                                            <img decoding=\"async\" src=\"https:\/\/infraway.ee\/wp-content\/uploads\/2023\/07\/IMG_5100-340x240.jpg\" alt=\"Rekonstrueerimised\" title=\"Reconstructions\" \/>\r\n                                            <\/a>                                        <\/div>\r\n                                    <\/div>\r\n                                                                        <div class=\"at-gallery-item  col-xs-6\">\r\n                                        <div class=\"gallery-inner-item init-animate zoomIn\">\r\n                                            <div class=\"at-bottom-lower\">\r\n                                                <h3>\r\n\t                                                <a href=\"https:\/\/infraway.ee\/en_us\/projektid\/vaikerajatised\/\" class=\"all-link\" target=\"_blank\">Small facilities<\/a>                                                <\/h3>\r\n                                                                                                    <a class=\"image-gallery-widget\" href=\"https:\/\/infraway.ee\/wp-content\/uploads\/2023\/07\/308831005_807907680543920_5882977354127056826_n.jpg\">\r\n                                                        <i class=\"fa fa-search gallery-button primary-bg\"><\/i>\r\n                                                    <\/a>\r\n\t                                                                                            <\/div>\r\n                                            <div class=\"at-gallery-hover\"><\/div>\r\n\t                                        <a href=\"https:\/\/infraway.ee\/en_us\/projektid\/vaikerajatised\/\" class=\"all-link\" target=\"_blank\">                                            <img decoding=\"async\" src=\"https:\/\/infraway.ee\/wp-content\/uploads\/2023\/07\/308831005_807907680543920_5882977354127056826_n-340x240.jpg\" alt=\"V\u00e4ikerajatised\" title=\"Small facilities\" \/>\r\n                                            <\/a>                                        <\/div>\r\n                                    <\/div>\r\n                                                            <\/div><!--row-->\r\n\t                                    <\/div>\r\n            <\/section>\r\n            <\/div><\/div><\/div><\/div>","protected":false},"excerpt":{"rendered":"<p>Portaalide vundamendid Kanama-Valingu teel\u00f5igul (2022) Paviljoni paigaldus Tallinnas (2022) Katusealune Vesiv\u00e4rava t\u00e4naval Tallinnas (2022) Torusilla montaa\u017e Kuressaares (2021)<\/p>","protected":false},"author":2,"featured_media":0,"parent":0,"menu_order":0,"comment_status":"closed","ping_status":"closed","template":"","meta":{"om_disable_all_campaigns":false,"_monsterinsights_skip_tracking":false,"_monsterinsights_sitenote_active":false,"_monsterinsights_sitenote_note":"","_monsterinsights_sitenote_category":0,"footnotes":""},"class_list":["post-89","page","type-page","status-publish","hentry"],"aioseo_notices":[],"_links":{"self":[{"href":"https:\/\/infraway.ee\/en_us\/wp-json\/wp\/v2\/pages\/89","targetHints":{"allow":["GET"]}}],"collection":[{"href":"https:\/\/infraway.ee\/en_us\/wp-json\/wp\/v2\/pages"}],"about":[{"href":"https:\/\/infraway.ee\/en_us\/wp-json\/wp\/v2\/types\/page"}],"author":[{"embeddable":true,"href":"https:\/\/infraway.ee\/en_us\/wp-json\/wp\/v2\/users\/2"}],"replies":[{"embeddable":true,"href":"https:\/\/infraway.ee\/en_us\/wp-json\/wp\/v2\/comments?post=89"}],"version-history":[{"count":80,"href":"https:\/\/infraway.ee\/en_us\/wp-json\/wp\/v2\/pages\/89\/revisions"}],"predecessor-version":[{"id":1039,"href":"https:\/\/infraway.ee\/en_us\/wp-json\/wp\/v2\/pages\/89\/revisions\/1039"}],"wp:attachment":[{"href":"https:\/\/infraway.ee\/en_us\/wp-json\/wp\/v2\/media?parent=89"}],"curies":[{"name":"wp","href":"https:\/\/api.w.org\/{rel}","templated":true}]}}