{"id":691,"date":"2023-07-21T11:10:32","date_gmt":"2023-07-21T08:10:32","guid":{"rendered":"https:\/\/infraway.ee\/?page_id=691"},"modified":"2023-08-03T11:07:31","modified_gmt":"2023-08-03T08:07:31","slug":"projektijuhtimine","status":"publish","type":"page","link":"https:\/\/infraway.ee\/en_us\/projektid\/projektijuhtimine\/","title":{"rendered":"Project management"},"content":{"rendered":"<div id=\"pl-691\"  class=\"panel-layout\" ><div id=\"pg-691-0\"  class=\"panel-grid panel-no-style\" ><div id=\"pgc-691-0-0\"  class=\"panel-grid-cell\" ><div id=\"panel-691-0-0-0\" class=\"so-panel widget widget_media_gallery panel-first-child\" data-index=\"0\" ><h3 class=\"widget-title\">RailBaltica K\u00fcnka road viaduct and Loone ecoduct construction works<\/h3><div id='gallery-1' class='gallery galleryid-691 gallery-columns-3 gallery-size-full'><figure class='gallery-item'>\n\t\t\t<div class='gallery-icon landscape'>\n\t\t\t\t<a href='https:\/\/infraway.ee\/wp-content\/uploads\/2023\/07\/Loone-Kunka_november-2022_lowres-8.jpg'><img loading=\"lazy\" decoding=\"async\" width=\"2000\" height=\"1332\" src=\"https:\/\/infraway.ee\/wp-content\/uploads\/2023\/07\/Loone-Kunka_november-2022_lowres-8.jpg\" class=\"attachment-full size-full\" alt=\"\" srcset=\"https:\/\/infraway.ee\/wp-content\/uploads\/2023\/07\/Loone-Kunka_november-2022_lowres-8.jpg 2000w, https:\/\/infraway.ee\/wp-content\/uploads\/2023\/07\/Loone-Kunka_november-2022_lowres-8-300x200.jpg 300w, https:\/\/infraway.ee\/wp-content\/uploads\/2023\/07\/Loone-Kunka_november-2022_lowres-8-1024x682.jpg 1024w, https:\/\/infraway.ee\/wp-content\/uploads\/2023\/07\/Loone-Kunka_november-2022_lowres-8-768x511.jpg 768w, https:\/\/infraway.ee\/wp-content\/uploads\/2023\/07\/Loone-Kunka_november-2022_lowres-8-1536x1023.jpg 1536w\" sizes=\"auto, (max-width: 2000px) 100vw, 2000px\" \/><\/a>\n\t\t\t<\/div><\/figure><figure class='gallery-item'>\n\t\t\t<div class='gallery-icon landscape'>\n\t\t\t\t<a href='https:\/\/infraway.ee\/wp-content\/uploads\/2023\/07\/Loone-Kunka_november-2022_lowres-5.jpg'><img loading=\"lazy\" decoding=\"async\" width=\"2000\" height=\"1332\" src=\"https:\/\/infraway.ee\/wp-content\/uploads\/2023\/07\/Loone-Kunka_november-2022_lowres-5.jpg\" class=\"attachment-full size-full\" alt=\"\" srcset=\"https:\/\/infraway.ee\/wp-content\/uploads\/2023\/07\/Loone-Kunka_november-2022_lowres-5.jpg 2000w, https:\/\/infraway.ee\/wp-content\/uploads\/2023\/07\/Loone-Kunka_november-2022_lowres-5-300x200.jpg 300w, https:\/\/infraway.ee\/wp-content\/uploads\/2023\/07\/Loone-Kunka_november-2022_lowres-5-1024x682.jpg 1024w, https:\/\/infraway.ee\/wp-content\/uploads\/2023\/07\/Loone-Kunka_november-2022_lowres-5-768x511.jpg 768w, https:\/\/infraway.ee\/wp-content\/uploads\/2023\/07\/Loone-Kunka_november-2022_lowres-5-1536x1023.jpg 1536w\" sizes=\"auto, (max-width: 2000px) 100vw, 2000px\" \/><\/a>\n\t\t\t<\/div><\/figure><figure class='gallery-item'>\n\t\t\t<div class='gallery-icon landscape'>\n\t\t\t\t<a href='https:\/\/infraway.ee\/wp-content\/uploads\/2023\/07\/Loone-Kunka_november-2022_lowres-4.jpg'><img loading=\"lazy\" decoding=\"async\" width=\"2000\" height=\"1332\" src=\"https:\/\/infraway.ee\/wp-content\/uploads\/2023\/07\/Loone-Kunka_november-2022_lowres-4.jpg\" class=\"attachment-full size-full\" alt=\"\" srcset=\"https:\/\/infraway.ee\/wp-content\/uploads\/2023\/07\/Loone-Kunka_november-2022_lowres-4.jpg 2000w, https:\/\/infraway.ee\/wp-content\/uploads\/2023\/07\/Loone-Kunka_november-2022_lowres-4-300x200.jpg 300w, https:\/\/infraway.ee\/wp-content\/uploads\/2023\/07\/Loone-Kunka_november-2022_lowres-4-1024x682.jpg 1024w, https:\/\/infraway.ee\/wp-content\/uploads\/2023\/07\/Loone-Kunka_november-2022_lowres-4-768x511.jpg 768w, https:\/\/infraway.ee\/wp-content\/uploads\/2023\/07\/Loone-Kunka_november-2022_lowres-4-1536x1023.jpg 1536w\" sizes=\"auto, (max-width: 2000px) 100vw, 2000px\" \/><\/a>\n\t\t\t<\/div><\/figure><figure class='gallery-item'>\n\t\t\t<div class='gallery-icon landscape'>\n\t\t\t\t<a href='https:\/\/infraway.ee\/wp-content\/uploads\/2023\/07\/Loone-Kunka_november-2022_lowres-24.jpg'><img loading=\"lazy\" decoding=\"async\" width=\"2000\" height=\"1332\" src=\"https:\/\/infraway.ee\/wp-content\/uploads\/2023\/07\/Loone-Kunka_november-2022_lowres-24.jpg\" class=\"attachment-full size-full\" alt=\"\" srcset=\"https:\/\/infraway.ee\/wp-content\/uploads\/2023\/07\/Loone-Kunka_november-2022_lowres-24.jpg 2000w, https:\/\/infraway.ee\/wp-content\/uploads\/2023\/07\/Loone-Kunka_november-2022_lowres-24-300x200.jpg 300w, https:\/\/infraway.ee\/wp-content\/uploads\/2023\/07\/Loone-Kunka_november-2022_lowres-24-1024x682.jpg 1024w, https:\/\/infraway.ee\/wp-content\/uploads\/2023\/07\/Loone-Kunka_november-2022_lowres-24-768x511.jpg 768w, https:\/\/infraway.ee\/wp-content\/uploads\/2023\/07\/Loone-Kunka_november-2022_lowres-24-1536x1023.jpg 1536w\" sizes=\"auto, (max-width: 2000px) 100vw, 2000px\" \/><\/a>\n\t\t\t<\/div><\/figure><figure class='gallery-item'>\n\t\t\t<div class='gallery-icon landscape'>\n\t\t\t\t<a href='https:\/\/infraway.ee\/wp-content\/uploads\/2023\/07\/Loone-Kunka_november-2022_lowres-23.jpg'><img loading=\"lazy\" decoding=\"async\" width=\"2000\" height=\"1332\" src=\"https:\/\/infraway.ee\/wp-content\/uploads\/2023\/07\/Loone-Kunka_november-2022_lowres-23.jpg\" class=\"attachment-full size-full\" alt=\"\" srcset=\"https:\/\/infraway.ee\/wp-content\/uploads\/2023\/07\/Loone-Kunka_november-2022_lowres-23.jpg 2000w, https:\/\/infraway.ee\/wp-content\/uploads\/2023\/07\/Loone-Kunka_november-2022_lowres-23-300x200.jpg 300w, https:\/\/infraway.ee\/wp-content\/uploads\/2023\/07\/Loone-Kunka_november-2022_lowres-23-1024x682.jpg 1024w, https:\/\/infraway.ee\/wp-content\/uploads\/2023\/07\/Loone-Kunka_november-2022_lowres-23-768x511.jpg 768w, https:\/\/infraway.ee\/wp-content\/uploads\/2023\/07\/Loone-Kunka_november-2022_lowres-23-1536x1023.jpg 1536w\" sizes=\"auto, (max-width: 2000px) 100vw, 2000px\" \/><\/a>\n\t\t\t<\/div><\/figure><figure class='gallery-item'>\n\t\t\t<div class='gallery-icon landscape'>\n\t\t\t\t<a href='https:\/\/infraway.ee\/wp-content\/uploads\/2023\/07\/Loone-Kunka_november-2022_lowres-22.jpg'><img loading=\"lazy\" decoding=\"async\" width=\"2000\" height=\"1332\" src=\"https:\/\/infraway.ee\/wp-content\/uploads\/2023\/07\/Loone-Kunka_november-2022_lowres-22.jpg\" class=\"attachment-full size-full\" alt=\"\" srcset=\"https:\/\/infraway.ee\/wp-content\/uploads\/2023\/07\/Loone-Kunka_november-2022_lowres-22.jpg 2000w, https:\/\/infraway.ee\/wp-content\/uploads\/2023\/07\/Loone-Kunka_november-2022_lowres-22-300x200.jpg 300w, https:\/\/infraway.ee\/wp-content\/uploads\/2023\/07\/Loone-Kunka_november-2022_lowres-22-1024x682.jpg 1024w, https:\/\/infraway.ee\/wp-content\/uploads\/2023\/07\/Loone-Kunka_november-2022_lowres-22-768x511.jpg 768w, https:\/\/infraway.ee\/wp-content\/uploads\/2023\/07\/Loone-Kunka_november-2022_lowres-22-1536x1023.jpg 1536w\" sizes=\"auto, (max-width: 2000px) 100vw, 2000px\" \/><\/a>\n\t\t\t<\/div><\/figure><figure class='gallery-item'>\n\t\t\t<div class='gallery-icon landscape'>\n\t\t\t\t<a href='https:\/\/infraway.ee\/wp-content\/uploads\/2023\/07\/Loone-Kunka_november-2022_lowres-21.jpg'><img loading=\"lazy\" decoding=\"async\" width=\"2000\" height=\"1332\" src=\"https:\/\/infraway.ee\/wp-content\/uploads\/2023\/07\/Loone-Kunka_november-2022_lowres-21.jpg\" class=\"attachment-full size-full\" alt=\"\" srcset=\"https:\/\/infraway.ee\/wp-content\/uploads\/2023\/07\/Loone-Kunka_november-2022_lowres-21.jpg 2000w, https:\/\/infraway.ee\/wp-content\/uploads\/2023\/07\/Loone-Kunka_november-2022_lowres-21-300x200.jpg 300w, https:\/\/infraway.ee\/wp-content\/uploads\/2023\/07\/Loone-Kunka_november-2022_lowres-21-1024x682.jpg 1024w, https:\/\/infraway.ee\/wp-content\/uploads\/2023\/07\/Loone-Kunka_november-2022_lowres-21-768x511.jpg 768w, https:\/\/infraway.ee\/wp-content\/uploads\/2023\/07\/Loone-Kunka_november-2022_lowres-21-1536x1023.jpg 1536w\" sizes=\"auto, (max-width: 2000px) 100vw, 2000px\" \/><\/a>\n\t\t\t<\/div><\/figure><figure class='gallery-item'>\n\t\t\t<div class='gallery-icon landscape'>\n\t\t\t\t<a href='https:\/\/infraway.ee\/wp-content\/uploads\/2023\/07\/Loone-Kunka_november-2022_lowres-20.jpg'><img loading=\"lazy\" decoding=\"async\" width=\"2000\" height=\"1332\" src=\"https:\/\/infraway.ee\/wp-content\/uploads\/2023\/07\/Loone-Kunka_november-2022_lowres-20.jpg\" class=\"attachment-full size-full\" alt=\"\" srcset=\"https:\/\/infraway.ee\/wp-content\/uploads\/2023\/07\/Loone-Kunka_november-2022_lowres-20.jpg 2000w, https:\/\/infraway.ee\/wp-content\/uploads\/2023\/07\/Loone-Kunka_november-2022_lowres-20-300x200.jpg 300w, https:\/\/infraway.ee\/wp-content\/uploads\/2023\/07\/Loone-Kunka_november-2022_lowres-20-1024x682.jpg 1024w, https:\/\/infraway.ee\/wp-content\/uploads\/2023\/07\/Loone-Kunka_november-2022_lowres-20-768x511.jpg 768w, https:\/\/infraway.ee\/wp-content\/uploads\/2023\/07\/Loone-Kunka_november-2022_lowres-20-1536x1023.jpg 1536w\" sizes=\"auto, (max-width: 2000px) 100vw, 2000px\" \/><\/a>\n\t\t\t<\/div><\/figure><figure class='gallery-item'>\n\t\t\t<div class='gallery-icon portrait'>\n\t\t\t\t<a href='https:\/\/infraway.ee\/wp-content\/uploads\/2023\/07\/IMG_7573.jpg'><img loading=\"lazy\" decoding=\"async\" width=\"1551\" height=\"2138\" src=\"https:\/\/infraway.ee\/wp-content\/uploads\/2023\/07\/IMG_7573.jpg\" class=\"attachment-full size-full\" alt=\"\" srcset=\"https:\/\/infraway.ee\/wp-content\/uploads\/2023\/07\/IMG_7573.jpg 1551w, https:\/\/infraway.ee\/wp-content\/uploads\/2023\/07\/IMG_7573-218x300.jpg 218w, https:\/\/infraway.ee\/wp-content\/uploads\/2023\/07\/IMG_7573-743x1024.jpg 743w, https:\/\/infraway.ee\/wp-content\/uploads\/2023\/07\/IMG_7573-768x1059.jpg 768w, https:\/\/infraway.ee\/wp-content\/uploads\/2023\/07\/IMG_7573-1114x1536.jpg 1114w, https:\/\/infraway.ee\/wp-content\/uploads\/2023\/07\/IMG_7573-1486x2048.jpg 1486w\" sizes=\"auto, (max-width: 1551px) 100vw, 1551px\" \/><\/a>\n\t\t\t<\/div><\/figure><figure class='gallery-item'>\n\t\t\t<div class='gallery-icon portrait'>\n\t\t\t\t<a href='https:\/\/infraway.ee\/wp-content\/uploads\/2023\/07\/IMG_7213-scaled.jpg'><img loading=\"lazy\" decoding=\"async\" width=\"1920\" height=\"2560\" src=\"https:\/\/infraway.ee\/wp-content\/uploads\/2023\/07\/IMG_7213-scaled.jpg\" class=\"attachment-full size-full\" alt=\"\" srcset=\"https:\/\/infraway.ee\/wp-content\/uploads\/2023\/07\/IMG_7213-scaled.jpg 1920w, https:\/\/infraway.ee\/wp-content\/uploads\/2023\/07\/IMG_7213-225x300.jpg 225w, https:\/\/infraway.ee\/wp-content\/uploads\/2023\/07\/IMG_7213-768x1024.jpg 768w, https:\/\/infraway.ee\/wp-content\/uploads\/2023\/07\/IMG_7213-1152x1536.jpg 1152w, https:\/\/infraway.ee\/wp-content\/uploads\/2023\/07\/IMG_7213-1536x2048.jpg 1536w\" sizes=\"auto, (max-width: 1920px) 100vw, 1920px\" \/><\/a>\n\t\t\t<\/div><\/figure><figure class='gallery-item'>\n\t\t\t<div class='gallery-icon portrait'>\n\t\t\t\t<a href='https:\/\/infraway.ee\/wp-content\/uploads\/2023\/07\/IMG_6542-scaled.jpg'><img loading=\"lazy\" decoding=\"async\" width=\"1920\" height=\"2560\" src=\"https:\/\/infraway.ee\/wp-content\/uploads\/2023\/07\/IMG_6542-scaled.jpg\" class=\"attachment-full size-full\" alt=\"\" srcset=\"https:\/\/infraway.ee\/wp-content\/uploads\/2023\/07\/IMG_6542-scaled.jpg 1920w, https:\/\/infraway.ee\/wp-content\/uploads\/2023\/07\/IMG_6542-225x300.jpg 225w, https:\/\/infraway.ee\/wp-content\/uploads\/2023\/07\/IMG_6542-768x1024.jpg 768w, https:\/\/infraway.ee\/wp-content\/uploads\/2023\/07\/IMG_6542-1152x1536.jpg 1152w, https:\/\/infraway.ee\/wp-content\/uploads\/2023\/07\/IMG_6542-1536x2048.jpg 1536w\" sizes=\"auto, (max-width: 1920px) 100vw, 1920px\" \/><\/a>\n\t\t\t<\/div><\/figure><figure class='gallery-item'>\n\t\t\t<div class='gallery-icon landscape'>\n\t\t\t\t<a href='https:\/\/infraway.ee\/wp-content\/uploads\/2023\/07\/IMG_6415-scaled.jpg'><img loading=\"lazy\" decoding=\"async\" width=\"2560\" height=\"1920\" src=\"https:\/\/infraway.ee\/wp-content\/uploads\/2023\/07\/IMG_6415-scaled.jpg\" class=\"attachment-full size-full\" alt=\"\" srcset=\"https:\/\/infraway.ee\/wp-content\/uploads\/2023\/07\/IMG_6415-scaled.jpg 2560w, https:\/\/infraway.ee\/wp-content\/uploads\/2023\/07\/IMG_6415-300x225.jpg 300w, https:\/\/infraway.ee\/wp-content\/uploads\/2023\/07\/IMG_6415-1024x768.jpg 1024w, https:\/\/infraway.ee\/wp-content\/uploads\/2023\/07\/IMG_6415-768x576.jpg 768w, https:\/\/infraway.ee\/wp-content\/uploads\/2023\/07\/IMG_6415-1536x1152.jpg 1536w, https:\/\/infraway.ee\/wp-content\/uploads\/2023\/07\/IMG_6415-2048x1536.jpg 2048w\" sizes=\"auto, (max-width: 2560px) 100vw, 2560px\" \/><\/a>\n\t\t\t<\/div><\/figure><figure class='gallery-item'>\n\t\t\t<div class='gallery-icon landscape'>\n\t\t\t\t<a href='https:\/\/infraway.ee\/wp-content\/uploads\/2023\/07\/IMG_6356-scaled.jpg'><img loading=\"lazy\" decoding=\"async\" width=\"2560\" height=\"1920\" src=\"https:\/\/infraway.ee\/wp-content\/uploads\/2023\/07\/IMG_6356-scaled.jpg\" class=\"attachment-full size-full\" alt=\"\" srcset=\"https:\/\/infraway.ee\/wp-content\/uploads\/2023\/07\/IMG_6356-scaled.jpg 2560w, https:\/\/infraway.ee\/wp-content\/uploads\/2023\/07\/IMG_6356-300x225.jpg 300w, https:\/\/infraway.ee\/wp-content\/uploads\/2023\/07\/IMG_6356-1024x768.jpg 1024w, https:\/\/infraway.ee\/wp-content\/uploads\/2023\/07\/IMG_6356-768x576.jpg 768w, https:\/\/infraway.ee\/wp-content\/uploads\/2023\/07\/IMG_6356-1536x1152.jpg 1536w, https:\/\/infraway.ee\/wp-content\/uploads\/2023\/07\/IMG_6356-2048x1536.jpg 2048w\" sizes=\"auto, (max-width: 2560px) 100vw, 2560px\" \/><\/a>\n\t\t\t<\/div><\/figure><figure class='gallery-item'>\n\t\t\t<div class='gallery-icon landscape'>\n\t\t\t\t<a href='https:\/\/infraway.ee\/wp-content\/uploads\/2023\/07\/IMG_6355-scaled.jpg'><img loading=\"lazy\" decoding=\"async\" width=\"2560\" height=\"1920\" src=\"https:\/\/infraway.ee\/wp-content\/uploads\/2023\/07\/IMG_6355-scaled.jpg\" class=\"attachment-full size-full\" alt=\"\" srcset=\"https:\/\/infraway.ee\/wp-content\/uploads\/2023\/07\/IMG_6355-scaled.jpg 2560w, https:\/\/infraway.ee\/wp-content\/uploads\/2023\/07\/IMG_6355-300x225.jpg 300w, https:\/\/infraway.ee\/wp-content\/uploads\/2023\/07\/IMG_6355-1024x768.jpg 1024w, https:\/\/infraway.ee\/wp-content\/uploads\/2023\/07\/IMG_6355-768x576.jpg 768w, https:\/\/infraway.ee\/wp-content\/uploads\/2023\/07\/IMG_6355-1536x1152.jpg 1536w, https:\/\/infraway.ee\/wp-content\/uploads\/2023\/07\/IMG_6355-2048x1536.jpg 2048w\" sizes=\"auto, (max-width: 2560px) 100vw, 2560px\" \/><\/a>\n\t\t\t<\/div><\/figure><figure class='gallery-item'>\n\t\t\t<div class='gallery-icon landscape'>\n\t\t\t\t<a href='https:\/\/infraway.ee\/wp-content\/uploads\/2023\/07\/IMG_6354-scaled.jpg'><img loading=\"lazy\" decoding=\"async\" width=\"2560\" height=\"1920\" src=\"https:\/\/infraway.ee\/wp-content\/uploads\/2023\/07\/IMG_6354-scaled.jpg\" class=\"attachment-full size-full\" alt=\"\" srcset=\"https:\/\/infraway.ee\/wp-content\/uploads\/2023\/07\/IMG_6354-scaled.jpg 2560w, https:\/\/infraway.ee\/wp-content\/uploads\/2023\/07\/IMG_6354-300x225.jpg 300w, https:\/\/infraway.ee\/wp-content\/uploads\/2023\/07\/IMG_6354-1024x768.jpg 1024w, https:\/\/infraway.ee\/wp-content\/uploads\/2023\/07\/IMG_6354-768x576.jpg 768w, https:\/\/infraway.ee\/wp-content\/uploads\/2023\/07\/IMG_6354-1536x1152.jpg 1536w, https:\/\/infraway.ee\/wp-content\/uploads\/2023\/07\/IMG_6354-2048x1536.jpg 2048w\" sizes=\"auto, (max-width: 2560px) 100vw, 2560px\" \/><\/a>\n\t\t\t<\/div><\/figure><figure class='gallery-item'>\n\t\t\t<div class='gallery-icon landscape'>\n\t\t\t\t<a href='https:\/\/infraway.ee\/wp-content\/uploads\/2023\/07\/IMG_6346-scaled.jpg'><img loading=\"lazy\" decoding=\"async\" width=\"2560\" height=\"1920\" src=\"https:\/\/infraway.ee\/wp-content\/uploads\/2023\/07\/IMG_6346-scaled.jpg\" class=\"attachment-full size-full\" alt=\"\" srcset=\"https:\/\/infraway.ee\/wp-content\/uploads\/2023\/07\/IMG_6346-scaled.jpg 2560w, https:\/\/infraway.ee\/wp-content\/uploads\/2023\/07\/IMG_6346-300x225.jpg 300w, https:\/\/infraway.ee\/wp-content\/uploads\/2023\/07\/IMG_6346-1024x768.jpg 1024w, https:\/\/infraway.ee\/wp-content\/uploads\/2023\/07\/IMG_6346-768x576.jpg 768w, https:\/\/infraway.ee\/wp-content\/uploads\/2023\/07\/IMG_6346-1536x1152.jpg 1536w, https:\/\/infraway.ee\/wp-content\/uploads\/2023\/07\/IMG_6346-2048x1536.jpg 2048w\" sizes=\"auto, (max-width: 2560px) 100vw, 2560px\" \/><\/a>\n\t\t\t<\/div><\/figure><figure class='gallery-item'>\n\t\t\t<div class='gallery-icon landscape'>\n\t\t\t\t<a href='https:\/\/infraway.ee\/wp-content\/uploads\/2023\/07\/IMG_6142-scaled.jpg'><img loading=\"lazy\" decoding=\"async\" width=\"2560\" height=\"1920\" src=\"https:\/\/infraway.ee\/wp-content\/uploads\/2023\/07\/IMG_6142-scaled.jpg\" class=\"attachment-full size-full\" alt=\"\" srcset=\"https:\/\/infraway.ee\/wp-content\/uploads\/2023\/07\/IMG_6142-scaled.jpg 2560w, https:\/\/infraway.ee\/wp-content\/uploads\/2023\/07\/IMG_6142-300x225.jpg 300w, https:\/\/infraway.ee\/wp-content\/uploads\/2023\/07\/IMG_6142-1024x768.jpg 1024w, https:\/\/infraway.ee\/wp-content\/uploads\/2023\/07\/IMG_6142-768x576.jpg 768w, https:\/\/infraway.ee\/wp-content\/uploads\/2023\/07\/IMG_6142-1536x1152.jpg 1536w, https:\/\/infraway.ee\/wp-content\/uploads\/2023\/07\/IMG_6142-2048x1536.jpg 2048w\" sizes=\"auto, (max-width: 2560px) 100vw, 2560px\" \/><\/a>\n\t\t\t<\/div><\/figure>\n\t\t<\/div>\n<\/div><div id=\"panel-691-0-0-1\" class=\"so-panel widget widget_media_gallery panel-last-child\" data-index=\"1\" ><h3 class=\"widget-title\">Load test of the V\u00e4na River Bridge<\/h3><div id='gallery-2' class='gallery galleryid-691 gallery-columns-3 gallery-size-full'><figure class='gallery-item'>\n\t\t\t<div class='gallery-icon landscape'>\n\t\t\t\t<a href='https:\/\/infraway.ee\/wp-content\/uploads\/2023\/07\/IMG_5703-scaled.jpg'><img loading=\"lazy\" decoding=\"async\" width=\"2560\" height=\"1920\" src=\"https:\/\/infraway.ee\/wp-content\/uploads\/2023\/07\/IMG_5703-scaled.jpg\" class=\"attachment-full size-full\" alt=\"\" srcset=\"https:\/\/infraway.ee\/wp-content\/uploads\/2023\/07\/IMG_5703-scaled.jpg 2560w, https:\/\/infraway.ee\/wp-content\/uploads\/2023\/07\/IMG_5703-300x225.jpg 300w, https:\/\/infraway.ee\/wp-content\/uploads\/2023\/07\/IMG_5703-1024x768.jpg 1024w, https:\/\/infraway.ee\/wp-content\/uploads\/2023\/07\/IMG_5703-768x576.jpg 768w, https:\/\/infraway.ee\/wp-content\/uploads\/2023\/07\/IMG_5703-1536x1152.jpg 1536w, https:\/\/infraway.ee\/wp-content\/uploads\/2023\/07\/IMG_5703-2048x1536.jpg 2048w\" sizes=\"auto, (max-width: 2560px) 100vw, 2560px\" \/><\/a>\n\t\t\t<\/div><\/figure><figure class='gallery-item'>\n\t\t\t<div class='gallery-icon portrait'>\n\t\t\t\t<a href='https:\/\/infraway.ee\/wp-content\/uploads\/2023\/07\/IMG_5700-scaled.jpg'><img loading=\"lazy\" decoding=\"async\" width=\"1920\" height=\"2560\" src=\"https:\/\/infraway.ee\/wp-content\/uploads\/2023\/07\/IMG_5700-scaled.jpg\" class=\"attachment-full size-full\" alt=\"\" srcset=\"https:\/\/infraway.ee\/wp-content\/uploads\/2023\/07\/IMG_5700-scaled.jpg 1920w, https:\/\/infraway.ee\/wp-content\/uploads\/2023\/07\/IMG_5700-225x300.jpg 225w, https:\/\/infraway.ee\/wp-content\/uploads\/2023\/07\/IMG_5700-768x1024.jpg 768w, https:\/\/infraway.ee\/wp-content\/uploads\/2023\/07\/IMG_5700-1152x1536.jpg 1152w, https:\/\/infraway.ee\/wp-content\/uploads\/2023\/07\/IMG_5700-1536x2048.jpg 1536w\" sizes=\"auto, (max-width: 1920px) 100vw, 1920px\" \/><\/a>\n\t\t\t<\/div><\/figure><figure class='gallery-item'>\n\t\t\t<div class='gallery-icon landscape'>\n\t\t\t\t<a href='https:\/\/infraway.ee\/wp-content\/uploads\/2023\/07\/IMG_5698-scaled.jpg'><img loading=\"lazy\" decoding=\"async\" width=\"2560\" height=\"1920\" src=\"https:\/\/infraway.ee\/wp-content\/uploads\/2023\/07\/IMG_5698-scaled.jpg\" class=\"attachment-full size-full\" alt=\"\" srcset=\"https:\/\/infraway.ee\/wp-content\/uploads\/2023\/07\/IMG_5698-scaled.jpg 2560w, https:\/\/infraway.ee\/wp-content\/uploads\/2023\/07\/IMG_5698-300x225.jpg 300w, https:\/\/infraway.ee\/wp-content\/uploads\/2023\/07\/IMG_5698-1024x768.jpg 1024w, https:\/\/infraway.ee\/wp-content\/uploads\/2023\/07\/IMG_5698-768x576.jpg 768w, https:\/\/infraway.ee\/wp-content\/uploads\/2023\/07\/IMG_5698-1536x1152.jpg 1536w, https:\/\/infraway.ee\/wp-content\/uploads\/2023\/07\/IMG_5698-2048x1536.jpg 2048w\" sizes=\"auto, (max-width: 2560px) 100vw, 2560px\" \/><\/a>\n\t\t\t<\/div><\/figure><figure class='gallery-item'>\n\t\t\t<div class='gallery-icon landscape'>\n\t\t\t\t<a href='https:\/\/infraway.ee\/wp-content\/uploads\/2023\/07\/IMG_5694-scaled.jpg'><img loading=\"lazy\" decoding=\"async\" width=\"2560\" height=\"1920\" src=\"https:\/\/infraway.ee\/wp-content\/uploads\/2023\/07\/IMG_5694-scaled.jpg\" class=\"attachment-full size-full\" alt=\"\" srcset=\"https:\/\/infraway.ee\/wp-content\/uploads\/2023\/07\/IMG_5694-scaled.jpg 2560w, https:\/\/infraway.ee\/wp-content\/uploads\/2023\/07\/IMG_5694-300x225.jpg 300w, https:\/\/infraway.ee\/wp-content\/uploads\/2023\/07\/IMG_5694-1024x768.jpg 1024w, https:\/\/infraway.ee\/wp-content\/uploads\/2023\/07\/IMG_5694-768x576.jpg 768w, https:\/\/infraway.ee\/wp-content\/uploads\/2023\/07\/IMG_5694-1536x1152.jpg 1536w, https:\/\/infraway.ee\/wp-content\/uploads\/2023\/07\/IMG_5694-2048x1536.jpg 2048w\" sizes=\"auto, (max-width: 2560px) 100vw, 2560px\" \/><\/a>\n\t\t\t<\/div><\/figure><figure class='gallery-item'>\n\t\t\t<div class='gallery-icon landscape'>\n\t\t\t\t<a href='https:\/\/infraway.ee\/wp-content\/uploads\/2023\/07\/IMG_5693-1-scaled.jpg'><img loading=\"lazy\" decoding=\"async\" width=\"2560\" height=\"1920\" src=\"https:\/\/infraway.ee\/wp-content\/uploads\/2023\/07\/IMG_5693-1-scaled.jpg\" class=\"attachment-full size-full\" alt=\"\" srcset=\"https:\/\/infraway.ee\/wp-content\/uploads\/2023\/07\/IMG_5693-1-scaled.jpg 2560w, https:\/\/infraway.ee\/wp-content\/uploads\/2023\/07\/IMG_5693-1-300x225.jpg 300w, https:\/\/infraway.ee\/wp-content\/uploads\/2023\/07\/IMG_5693-1-1024x768.jpg 1024w, https:\/\/infraway.ee\/wp-content\/uploads\/2023\/07\/IMG_5693-1-768x576.jpg 768w, https:\/\/infraway.ee\/wp-content\/uploads\/2023\/07\/IMG_5693-1-1536x1152.jpg 1536w, https:\/\/infraway.ee\/wp-content\/uploads\/2023\/07\/IMG_5693-1-2048x1536.jpg 2048w\" sizes=\"auto, (max-width: 2560px) 100vw, 2560px\" \/><\/a>\n\t\t\t<\/div><\/figure>\n\t\t<\/div>\n<\/div><\/div><\/div><\/div>","protected":false},"excerpt":{"rendered":"<p>RailBaltica K\u00fcnka tee viadukti ning Loone \u00f6kodukti ehitust\u00f6\u00f6d V\u00e4\u00e4na j\u00f5e silla koormuskatse<\/p>","protected":false},"author":2,"featured_media":983,"parent":89,"menu_order":0,"comment_status":"closed","ping_status":"closed","template":"","meta":{"om_disable_all_campaigns":false,"_monsterinsights_skip_tracking":false,"_monsterinsights_sitenote_active":false,"_monsterinsights_sitenote_note":"","_monsterinsights_sitenote_category":0,"footnotes":""},"class_list":["post-691","page","type-page","status-publish","has-post-thumbnail","hentry"],"aioseo_notices":[],"_links":{"self":[{"href":"https:\/\/infraway.ee\/en_us\/wp-json\/wp\/v2\/pages\/691","targetHints":{"allow":["GET"]}}],"collection":[{"href":"https:\/\/infraway.ee\/en_us\/wp-json\/wp\/v2\/pages"}],"about":[{"href":"https:\/\/infraway.ee\/en_us\/wp-json\/wp\/v2\/types\/page"}],"author":[{"embeddable":true,"href":"https:\/\/infraway.ee\/en_us\/wp-json\/wp\/v2\/users\/2"}],"replies":[{"embeddable":true,"href":"https:\/\/infraway.ee\/en_us\/wp-json\/wp\/v2\/comments?post=691"}],"version-history":[{"count":35,"href":"https:\/\/infraway.ee\/en_us\/wp-json\/wp\/v2\/pages\/691\/revisions"}],"predecessor-version":[{"id":1045,"href":"https:\/\/infraway.ee\/en_us\/wp-json\/wp\/v2\/pages\/691\/revisions\/1045"}],"up":[{"embeddable":true,"href":"https:\/\/infraway.ee\/en_us\/wp-json\/wp\/v2\/pages\/89"}],"wp:featuredmedia":[{"embeddable":true,"href":"https:\/\/infraway.ee\/en_us\/wp-json\/wp\/v2\/media\/983"}],"wp:attachment":[{"href":"https:\/\/infraway.ee\/en_us\/wp-json\/wp\/v2\/media?parent=691"}],"curies":[{"name":"wp","href":"https:\/\/api.w.org\/{rel}","templated":true}]}}