{"id":675,"date":"2023-07-21T11:07:19","date_gmt":"2023-07-21T08:07:19","guid":{"rendered":"https:\/\/infraway.ee\/?page_id=675"},"modified":"2023-08-03T11:06:44","modified_gmt":"2023-08-03T08:06:44","slug":"muratokkeseinad","status":"publish","type":"page","link":"https:\/\/infraway.ee\/en_us\/projektid\/muratokkeseinad\/","title":{"rendered":"Noise barrier walls"},"content":{"rendered":"<div id=\"pl-675\"  class=\"panel-layout\" ><div id=\"pg-675-0\"  class=\"panel-grid panel-no-style\" ><div id=\"pgc-675-0-0\"  class=\"panel-grid-cell\" ><div id=\"panel-675-0-0-0\" class=\"so-panel widget widget_media_gallery panel-first-child\" data-index=\"0\" ><h3 class=\"widget-title\">K\u00e4revere-Kardla road section on the Tallinn-Tartu highway (2022)<\/h3><div id='gallery-1' class='gallery galleryid-675 gallery-columns-3 gallery-size-full'><figure class='gallery-item'>\n\t\t\t<div class='gallery-icon landscape'>\n\t\t\t\t<a href='https:\/\/infraway.ee\/wp-content\/uploads\/2023\/07\/IMG_7272-scaled.jpg'><img loading=\"lazy\" decoding=\"async\" width=\"2560\" height=\"1920\" src=\"https:\/\/infraway.ee\/wp-content\/uploads\/2023\/07\/IMG_7272-scaled.jpg\" class=\"attachment-full size-full\" alt=\"\" srcset=\"https:\/\/infraway.ee\/wp-content\/uploads\/2023\/07\/IMG_7272-scaled.jpg 2560w, https:\/\/infraway.ee\/wp-content\/uploads\/2023\/07\/IMG_7272-300x225.jpg 300w, https:\/\/infraway.ee\/wp-content\/uploads\/2023\/07\/IMG_7272-1024x768.jpg 1024w, https:\/\/infraway.ee\/wp-content\/uploads\/2023\/07\/IMG_7272-768x576.jpg 768w, https:\/\/infraway.ee\/wp-content\/uploads\/2023\/07\/IMG_7272-1536x1152.jpg 1536w, https:\/\/infraway.ee\/wp-content\/uploads\/2023\/07\/IMG_7272-2048x1536.jpg 2048w\" sizes=\"auto, (max-width: 2560px) 100vw, 2560px\" \/><\/a>\n\t\t\t<\/div><\/figure><figure class='gallery-item'>\n\t\t\t<div class='gallery-icon landscape'>\n\t\t\t\t<a href='https:\/\/infraway.ee\/wp-content\/uploads\/2023\/07\/IMG_7561-scaled.jpg'><img loading=\"lazy\" decoding=\"async\" width=\"2560\" height=\"1920\" src=\"https:\/\/infraway.ee\/wp-content\/uploads\/2023\/07\/IMG_7561-scaled.jpg\" class=\"attachment-full size-full\" alt=\"\" srcset=\"https:\/\/infraway.ee\/wp-content\/uploads\/2023\/07\/IMG_7561-scaled.jpg 2560w, https:\/\/infraway.ee\/wp-content\/uploads\/2023\/07\/IMG_7561-300x225.jpg 300w, https:\/\/infraway.ee\/wp-content\/uploads\/2023\/07\/IMG_7561-1024x768.jpg 1024w, https:\/\/infraway.ee\/wp-content\/uploads\/2023\/07\/IMG_7561-768x576.jpg 768w, https:\/\/infraway.ee\/wp-content\/uploads\/2023\/07\/IMG_7561-1536x1152.jpg 1536w, https:\/\/infraway.ee\/wp-content\/uploads\/2023\/07\/IMG_7561-2048x1536.jpg 2048w\" sizes=\"auto, (max-width: 2560px) 100vw, 2560px\" \/><\/a>\n\t\t\t<\/div><\/figure><figure class='gallery-item'>\n\t\t\t<div class='gallery-icon landscape'>\n\t\t\t\t<a href='https:\/\/infraway.ee\/wp-content\/uploads\/2023\/07\/IMG_7562-scaled.jpg'><img loading=\"lazy\" decoding=\"async\" width=\"2560\" height=\"1920\" src=\"https:\/\/infraway.ee\/wp-content\/uploads\/2023\/07\/IMG_7562-scaled.jpg\" class=\"attachment-full size-full\" alt=\"\" srcset=\"https:\/\/infraway.ee\/wp-content\/uploads\/2023\/07\/IMG_7562-scaled.jpg 2560w, https:\/\/infraway.ee\/wp-content\/uploads\/2023\/07\/IMG_7562-300x225.jpg 300w, https:\/\/infraway.ee\/wp-content\/uploads\/2023\/07\/IMG_7562-1024x768.jpg 1024w, https:\/\/infraway.ee\/wp-content\/uploads\/2023\/07\/IMG_7562-768x576.jpg 768w, https:\/\/infraway.ee\/wp-content\/uploads\/2023\/07\/IMG_7562-1536x1152.jpg 1536w, https:\/\/infraway.ee\/wp-content\/uploads\/2023\/07\/IMG_7562-2048x1536.jpg 2048w\" sizes=\"auto, (max-width: 2560px) 100vw, 2560px\" \/><\/a>\n\t\t\t<\/div><\/figure><figure class='gallery-item'>\n\t\t\t<div class='gallery-icon landscape'>\n\t\t\t\t<a href='https:\/\/infraway.ee\/wp-content\/uploads\/2023\/07\/IMG_7563-scaled.jpg'><img loading=\"lazy\" decoding=\"async\" width=\"2560\" height=\"1920\" src=\"https:\/\/infraway.ee\/wp-content\/uploads\/2023\/07\/IMG_7563-scaled.jpg\" class=\"attachment-full size-full\" alt=\"\" srcset=\"https:\/\/infraway.ee\/wp-content\/uploads\/2023\/07\/IMG_7563-scaled.jpg 2560w, https:\/\/infraway.ee\/wp-content\/uploads\/2023\/07\/IMG_7563-300x225.jpg 300w, https:\/\/infraway.ee\/wp-content\/uploads\/2023\/07\/IMG_7563-1024x768.jpg 1024w, https:\/\/infraway.ee\/wp-content\/uploads\/2023\/07\/IMG_7563-768x576.jpg 768w, https:\/\/infraway.ee\/wp-content\/uploads\/2023\/07\/IMG_7563-1536x1152.jpg 1536w, https:\/\/infraway.ee\/wp-content\/uploads\/2023\/07\/IMG_7563-2048x1536.jpg 2048w\" sizes=\"auto, (max-width: 2560px) 100vw, 2560px\" \/><\/a>\n\t\t\t<\/div><\/figure>\n\t\t<\/div>\n<\/div><div id=\"panel-675-0-0-1\" class=\"so-panel widget widget_media_gallery\" data-index=\"1\" ><h3 class=\"widget-title\">Kanama-Valingu road section on the Tallinn roundabout (2022)<\/h3><div id='gallery-2' class='gallery galleryid-675 gallery-columns-3 gallery-size-full'><figure class='gallery-item'>\n\t\t\t<div class='gallery-icon landscape'>\n\t\t\t\t<a href='https:\/\/infraway.ee\/wp-content\/uploads\/2023\/07\/IMG_6993-scaled.jpg'><img loading=\"lazy\" decoding=\"async\" width=\"2560\" height=\"1920\" src=\"https:\/\/infraway.ee\/wp-content\/uploads\/2023\/07\/IMG_6993-scaled.jpg\" class=\"attachment-full size-full\" alt=\"\" srcset=\"https:\/\/infraway.ee\/wp-content\/uploads\/2023\/07\/IMG_6993-scaled.jpg 2560w, https:\/\/infraway.ee\/wp-content\/uploads\/2023\/07\/IMG_6993-300x225.jpg 300w, https:\/\/infraway.ee\/wp-content\/uploads\/2023\/07\/IMG_6993-1024x768.jpg 1024w, https:\/\/infraway.ee\/wp-content\/uploads\/2023\/07\/IMG_6993-768x576.jpg 768w, https:\/\/infraway.ee\/wp-content\/uploads\/2023\/07\/IMG_6993-1536x1152.jpg 1536w, https:\/\/infraway.ee\/wp-content\/uploads\/2023\/07\/IMG_6993-2048x1536.jpg 2048w\" sizes=\"auto, (max-width: 2560px) 100vw, 2560px\" \/><\/a>\n\t\t\t<\/div><\/figure><figure class='gallery-item'>\n\t\t\t<div class='gallery-icon landscape'>\n\t\t\t\t<a href='https:\/\/infraway.ee\/wp-content\/uploads\/2023\/07\/IMG_7856.jpg'><img loading=\"lazy\" decoding=\"async\" width=\"2016\" height=\"1512\" src=\"https:\/\/infraway.ee\/wp-content\/uploads\/2023\/07\/IMG_7856.jpg\" class=\"attachment-full size-full\" alt=\"\" srcset=\"https:\/\/infraway.ee\/wp-content\/uploads\/2023\/07\/IMG_7856.jpg 2016w, https:\/\/infraway.ee\/wp-content\/uploads\/2023\/07\/IMG_7856-300x225.jpg 300w, https:\/\/infraway.ee\/wp-content\/uploads\/2023\/07\/IMG_7856-1024x768.jpg 1024w, https:\/\/infraway.ee\/wp-content\/uploads\/2023\/07\/IMG_7856-768x576.jpg 768w, https:\/\/infraway.ee\/wp-content\/uploads\/2023\/07\/IMG_7856-1536x1152.jpg 1536w\" sizes=\"auto, (max-width: 2016px) 100vw, 2016px\" \/><\/a>\n\t\t\t<\/div><\/figure><figure class='gallery-item'>\n\t\t\t<div class='gallery-icon landscape'>\n\t\t\t\t<a href='https:\/\/infraway.ee\/wp-content\/uploads\/2023\/07\/IMG_7858.jpg'><img loading=\"lazy\" decoding=\"async\" width=\"2016\" height=\"1512\" src=\"https:\/\/infraway.ee\/wp-content\/uploads\/2023\/07\/IMG_7858.jpg\" class=\"attachment-full size-full\" alt=\"\" srcset=\"https:\/\/infraway.ee\/wp-content\/uploads\/2023\/07\/IMG_7858.jpg 2016w, https:\/\/infraway.ee\/wp-content\/uploads\/2023\/07\/IMG_7858-300x225.jpg 300w, https:\/\/infraway.ee\/wp-content\/uploads\/2023\/07\/IMG_7858-1024x768.jpg 1024w, https:\/\/infraway.ee\/wp-content\/uploads\/2023\/07\/IMG_7858-768x576.jpg 768w, https:\/\/infraway.ee\/wp-content\/uploads\/2023\/07\/IMG_7858-1536x1152.jpg 1536w\" sizes=\"auto, (max-width: 2016px) 100vw, 2016px\" \/><\/a>\n\t\t\t<\/div><\/figure><figure class='gallery-item'>\n\t\t\t<div class='gallery-icon landscape'>\n\t\t\t\t<a href='https:\/\/infraway.ee\/wp-content\/uploads\/2023\/07\/IMG_7862.jpg'><img loading=\"lazy\" decoding=\"async\" width=\"2016\" height=\"1512\" src=\"https:\/\/infraway.ee\/wp-content\/uploads\/2023\/07\/IMG_7862.jpg\" class=\"attachment-full size-full\" alt=\"\" srcset=\"https:\/\/infraway.ee\/wp-content\/uploads\/2023\/07\/IMG_7862.jpg 2016w, https:\/\/infraway.ee\/wp-content\/uploads\/2023\/07\/IMG_7862-300x225.jpg 300w, https:\/\/infraway.ee\/wp-content\/uploads\/2023\/07\/IMG_7862-1024x768.jpg 1024w, https:\/\/infraway.ee\/wp-content\/uploads\/2023\/07\/IMG_7862-768x576.jpg 768w, https:\/\/infraway.ee\/wp-content\/uploads\/2023\/07\/IMG_7862-1536x1152.jpg 1536w\" sizes=\"auto, (max-width: 2016px) 100vw, 2016px\" \/><\/a>\n\t\t\t<\/div><\/figure><figure class='gallery-item'>\n\t\t\t<div class='gallery-icon landscape'>\n\t\t\t\t<a href='https:\/\/infraway.ee\/wp-content\/uploads\/2023\/07\/IMG_7863.jpg'><img loading=\"lazy\" decoding=\"async\" width=\"2016\" height=\"1512\" src=\"https:\/\/infraway.ee\/wp-content\/uploads\/2023\/07\/IMG_7863.jpg\" class=\"attachment-full size-full\" alt=\"\" srcset=\"https:\/\/infraway.ee\/wp-content\/uploads\/2023\/07\/IMG_7863.jpg 2016w, https:\/\/infraway.ee\/wp-content\/uploads\/2023\/07\/IMG_7863-300x225.jpg 300w, https:\/\/infraway.ee\/wp-content\/uploads\/2023\/07\/IMG_7863-1024x768.jpg 1024w, https:\/\/infraway.ee\/wp-content\/uploads\/2023\/07\/IMG_7863-768x576.jpg 768w, https:\/\/infraway.ee\/wp-content\/uploads\/2023\/07\/IMG_7863-1536x1152.jpg 1536w\" sizes=\"auto, (max-width: 2016px) 100vw, 2016px\" \/><\/a>\n\t\t\t<\/div><\/figure><figure class='gallery-item'>\n\t\t\t<div class='gallery-icon landscape'>\n\t\t\t\t<a href='https:\/\/infraway.ee\/wp-content\/uploads\/2023\/07\/IMG_7865.jpg'><img loading=\"lazy\" decoding=\"async\" width=\"2016\" height=\"1512\" src=\"https:\/\/infraway.ee\/wp-content\/uploads\/2023\/07\/IMG_7865.jpg\" class=\"attachment-full size-full\" alt=\"\" srcset=\"https:\/\/infraway.ee\/wp-content\/uploads\/2023\/07\/IMG_7865.jpg 2016w, https:\/\/infraway.ee\/wp-content\/uploads\/2023\/07\/IMG_7865-300x225.jpg 300w, https:\/\/infraway.ee\/wp-content\/uploads\/2023\/07\/IMG_7865-1024x768.jpg 1024w, https:\/\/infraway.ee\/wp-content\/uploads\/2023\/07\/IMG_7865-768x576.jpg 768w, https:\/\/infraway.ee\/wp-content\/uploads\/2023\/07\/IMG_7865-1536x1152.jpg 1536w\" sizes=\"auto, (max-width: 2016px) 100vw, 2016px\" \/><\/a>\n\t\t\t<\/div><\/figure>\n\t\t<\/div>\n<\/div><div id=\"panel-675-0-0-2\" class=\"so-panel widget widget_media_gallery\" data-index=\"2\" ><h3 class=\"widget-title\">Tallinna mnt 14 Sillam\u00e4e (2021)<\/h3><div id='gallery-3' class='gallery galleryid-675 gallery-columns-3 gallery-size-full'><figure class='gallery-item'>\n\t\t\t<div class='gallery-icon landscape'>\n\t\t\t\t<a href='https:\/\/infraway.ee\/wp-content\/uploads\/2023\/07\/IMG_5590-scaled.jpg'><img loading=\"lazy\" decoding=\"async\" width=\"2560\" height=\"1920\" src=\"https:\/\/infraway.ee\/wp-content\/uploads\/2023\/07\/IMG_5590-scaled.jpg\" class=\"attachment-full size-full\" alt=\"\" srcset=\"https:\/\/infraway.ee\/wp-content\/uploads\/2023\/07\/IMG_5590-scaled.jpg 2560w, https:\/\/infraway.ee\/wp-content\/uploads\/2023\/07\/IMG_5590-300x225.jpg 300w, https:\/\/infraway.ee\/wp-content\/uploads\/2023\/07\/IMG_5590-1024x768.jpg 1024w, https:\/\/infraway.ee\/wp-content\/uploads\/2023\/07\/IMG_5590-768x576.jpg 768w, https:\/\/infraway.ee\/wp-content\/uploads\/2023\/07\/IMG_5590-1536x1152.jpg 1536w, https:\/\/infraway.ee\/wp-content\/uploads\/2023\/07\/IMG_5590-2048x1536.jpg 2048w\" sizes=\"auto, (max-width: 2560px) 100vw, 2560px\" \/><\/a>\n\t\t\t<\/div><\/figure><figure class='gallery-item'>\n\t\t\t<div class='gallery-icon landscape'>\n\t\t\t\t<a href='https:\/\/infraway.ee\/wp-content\/uploads\/2023\/07\/IMG_5608-scaled.jpg'><img loading=\"lazy\" decoding=\"async\" width=\"2560\" height=\"1920\" src=\"https:\/\/infraway.ee\/wp-content\/uploads\/2023\/07\/IMG_5608-scaled.jpg\" class=\"attachment-full size-full\" alt=\"\" srcset=\"https:\/\/infraway.ee\/wp-content\/uploads\/2023\/07\/IMG_5608-scaled.jpg 2560w, https:\/\/infraway.ee\/wp-content\/uploads\/2023\/07\/IMG_5608-300x225.jpg 300w, https:\/\/infraway.ee\/wp-content\/uploads\/2023\/07\/IMG_5608-1024x768.jpg 1024w, https:\/\/infraway.ee\/wp-content\/uploads\/2023\/07\/IMG_5608-768x576.jpg 768w, https:\/\/infraway.ee\/wp-content\/uploads\/2023\/07\/IMG_5608-1536x1152.jpg 1536w, https:\/\/infraway.ee\/wp-content\/uploads\/2023\/07\/IMG_5608-2048x1536.jpg 2048w\" sizes=\"auto, (max-width: 2560px) 100vw, 2560px\" \/><\/a>\n\t\t\t<\/div><\/figure><figure class='gallery-item'>\n\t\t\t<div class='gallery-icon landscape'>\n\t\t\t\t<a href='https:\/\/infraway.ee\/wp-content\/uploads\/2023\/07\/IMG_5611-scaled.jpg'><img loading=\"lazy\" decoding=\"async\" width=\"2560\" height=\"1920\" src=\"https:\/\/infraway.ee\/wp-content\/uploads\/2023\/07\/IMG_5611-scaled.jpg\" class=\"attachment-full size-full\" alt=\"\" srcset=\"https:\/\/infraway.ee\/wp-content\/uploads\/2023\/07\/IMG_5611-scaled.jpg 2560w, https:\/\/infraway.ee\/wp-content\/uploads\/2023\/07\/IMG_5611-300x225.jpg 300w, https:\/\/infraway.ee\/wp-content\/uploads\/2023\/07\/IMG_5611-1024x768.jpg 1024w, https:\/\/infraway.ee\/wp-content\/uploads\/2023\/07\/IMG_5611-768x576.jpg 768w, https:\/\/infraway.ee\/wp-content\/uploads\/2023\/07\/IMG_5611-1536x1152.jpg 1536w, https:\/\/infraway.ee\/wp-content\/uploads\/2023\/07\/IMG_5611-2048x1536.jpg 2048w\" sizes=\"auto, (max-width: 2560px) 100vw, 2560px\" \/><\/a>\n\t\t\t<\/div><\/figure><figure class='gallery-item'>\n\t\t\t<div class='gallery-icon landscape'>\n\t\t\t\t<a href='https:\/\/infraway.ee\/wp-content\/uploads\/2023\/07\/IMG_5612-scaled.jpg'><img loading=\"lazy\" decoding=\"async\" width=\"2560\" height=\"1920\" src=\"https:\/\/infraway.ee\/wp-content\/uploads\/2023\/07\/IMG_5612-scaled.jpg\" class=\"attachment-full size-full\" alt=\"\" srcset=\"https:\/\/infraway.ee\/wp-content\/uploads\/2023\/07\/IMG_5612-scaled.jpg 2560w, https:\/\/infraway.ee\/wp-content\/uploads\/2023\/07\/IMG_5612-300x225.jpg 300w, https:\/\/infraway.ee\/wp-content\/uploads\/2023\/07\/IMG_5612-1024x768.jpg 1024w, https:\/\/infraway.ee\/wp-content\/uploads\/2023\/07\/IMG_5612-768x576.jpg 768w, https:\/\/infraway.ee\/wp-content\/uploads\/2023\/07\/IMG_5612-1536x1152.jpg 1536w, https:\/\/infraway.ee\/wp-content\/uploads\/2023\/07\/IMG_5612-2048x1536.jpg 2048w\" sizes=\"auto, (max-width: 2560px) 100vw, 2560px\" \/><\/a>\n\t\t\t<\/div><\/figure>\n\t\t<\/div>\n<\/div><div id=\"panel-675-0-0-3\" class=\"so-panel widget widget_media_gallery panel-last-child\" data-index=\"3\" ><h3 class=\"widget-title\">Viadukti p\u00f5ik 2 J\u00fcris (2020)<\/h3><div id='gallery-4' class='gallery galleryid-675 gallery-columns-3 gallery-size-full'><figure class='gallery-item'>\n\t\t\t<div class='gallery-icon portrait'>\n\t\t\t\t<a href='https:\/\/infraway.ee\/wp-content\/uploads\/2023\/07\/IMG_4062-scaled.jpg'><img loading=\"lazy\" decoding=\"async\" width=\"1920\" height=\"2560\" src=\"https:\/\/infraway.ee\/wp-content\/uploads\/2023\/07\/IMG_4062-scaled.jpg\" class=\"attachment-full size-full\" alt=\"\" srcset=\"https:\/\/infraway.ee\/wp-content\/uploads\/2023\/07\/IMG_4062-scaled.jpg 1920w, https:\/\/infraway.ee\/wp-content\/uploads\/2023\/07\/IMG_4062-225x300.jpg 225w, https:\/\/infraway.ee\/wp-content\/uploads\/2023\/07\/IMG_4062-768x1024.jpg 768w, https:\/\/infraway.ee\/wp-content\/uploads\/2023\/07\/IMG_4062-1152x1536.jpg 1152w, https:\/\/infraway.ee\/wp-content\/uploads\/2023\/07\/IMG_4062-1536x2048.jpg 1536w\" sizes=\"auto, (max-width: 1920px) 100vw, 1920px\" \/><\/a>\n\t\t\t<\/div><\/figure><figure class='gallery-item'>\n\t\t\t<div class='gallery-icon landscape'>\n\t\t\t\t<a href='https:\/\/infraway.ee\/wp-content\/uploads\/2023\/07\/IMG_4067-scaled.jpg'><img loading=\"lazy\" decoding=\"async\" width=\"2560\" height=\"1920\" src=\"https:\/\/infraway.ee\/wp-content\/uploads\/2023\/07\/IMG_4067-scaled.jpg\" class=\"attachment-full size-full\" alt=\"\" srcset=\"https:\/\/infraway.ee\/wp-content\/uploads\/2023\/07\/IMG_4067-scaled.jpg 2560w, https:\/\/infraway.ee\/wp-content\/uploads\/2023\/07\/IMG_4067-300x225.jpg 300w, https:\/\/infraway.ee\/wp-content\/uploads\/2023\/07\/IMG_4067-1024x768.jpg 1024w, https:\/\/infraway.ee\/wp-content\/uploads\/2023\/07\/IMG_4067-768x576.jpg 768w, https:\/\/infraway.ee\/wp-content\/uploads\/2023\/07\/IMG_4067-1536x1152.jpg 1536w, https:\/\/infraway.ee\/wp-content\/uploads\/2023\/07\/IMG_4067-2048x1536.jpg 2048w\" sizes=\"auto, (max-width: 2560px) 100vw, 2560px\" \/><\/a>\n\t\t\t<\/div><\/figure><figure class='gallery-item'>\n\t\t\t<div class='gallery-icon landscape'>\n\t\t\t\t<a href='https:\/\/infraway.ee\/wp-content\/uploads\/2023\/07\/IMG_4068-scaled.jpg'><img loading=\"lazy\" decoding=\"async\" width=\"2560\" height=\"1920\" src=\"https:\/\/infraway.ee\/wp-content\/uploads\/2023\/07\/IMG_4068-scaled.jpg\" class=\"attachment-full size-full\" alt=\"\" srcset=\"https:\/\/infraway.ee\/wp-content\/uploads\/2023\/07\/IMG_4068-scaled.jpg 2560w, https:\/\/infraway.ee\/wp-content\/uploads\/2023\/07\/IMG_4068-300x225.jpg 300w, https:\/\/infraway.ee\/wp-content\/uploads\/2023\/07\/IMG_4068-1024x768.jpg 1024w, https:\/\/infraway.ee\/wp-content\/uploads\/2023\/07\/IMG_4068-768x576.jpg 768w, https:\/\/infraway.ee\/wp-content\/uploads\/2023\/07\/IMG_4068-1536x1152.jpg 1536w, https:\/\/infraway.ee\/wp-content\/uploads\/2023\/07\/IMG_4068-2048x1536.jpg 2048w\" sizes=\"auto, (max-width: 2560px) 100vw, 2560px\" \/><\/a>\n\t\t\t<\/div><\/figure><figure class='gallery-item'>\n\t\t\t<div class='gallery-icon landscape'>\n\t\t\t\t<a href='https:\/\/infraway.ee\/wp-content\/uploads\/2023\/07\/IMG_4070-scaled.jpg'><img loading=\"lazy\" decoding=\"async\" width=\"2560\" height=\"1920\" src=\"https:\/\/infraway.ee\/wp-content\/uploads\/2023\/07\/IMG_4070-scaled.jpg\" class=\"attachment-full size-full\" alt=\"\" srcset=\"https:\/\/infraway.ee\/wp-content\/uploads\/2023\/07\/IMG_4070-scaled.jpg 2560w, https:\/\/infraway.ee\/wp-content\/uploads\/2023\/07\/IMG_4070-300x225.jpg 300w, https:\/\/infraway.ee\/wp-content\/uploads\/2023\/07\/IMG_4070-1024x768.jpg 1024w, https:\/\/infraway.ee\/wp-content\/uploads\/2023\/07\/IMG_4070-768x576.jpg 768w, https:\/\/infraway.ee\/wp-content\/uploads\/2023\/07\/IMG_4070-1536x1152.jpg 1536w, https:\/\/infraway.ee\/wp-content\/uploads\/2023\/07\/IMG_4070-2048x1536.jpg 2048w\" sizes=\"auto, (max-width: 2560px) 100vw, 2560px\" \/><\/a>\n\t\t\t<\/div><\/figure><figure class='gallery-item'>\n\t\t\t<div class='gallery-icon landscape'>\n\t\t\t\t<a href='https:\/\/infraway.ee\/wp-content\/uploads\/2023\/07\/IMG_4074-scaled.jpg'><img loading=\"lazy\" decoding=\"async\" width=\"2560\" height=\"1920\" src=\"https:\/\/infraway.ee\/wp-content\/uploads\/2023\/07\/IMG_4074-scaled.jpg\" class=\"attachment-full size-full\" alt=\"\" srcset=\"https:\/\/infraway.ee\/wp-content\/uploads\/2023\/07\/IMG_4074-scaled.jpg 2560w, https:\/\/infraway.ee\/wp-content\/uploads\/2023\/07\/IMG_4074-300x225.jpg 300w, https:\/\/infraway.ee\/wp-content\/uploads\/2023\/07\/IMG_4074-1024x768.jpg 1024w, https:\/\/infraway.ee\/wp-content\/uploads\/2023\/07\/IMG_4074-768x576.jpg 768w, https:\/\/infraway.ee\/wp-content\/uploads\/2023\/07\/IMG_4074-1536x1152.jpg 1536w, https:\/\/infraway.ee\/wp-content\/uploads\/2023\/07\/IMG_4074-2048x1536.jpg 2048w\" sizes=\"auto, (max-width: 2560px) 100vw, 2560px\" \/><\/a>\n\t\t\t<\/div><\/figure>\n\t\t<\/div>\n<\/div><\/div><\/div><\/div>","protected":false},"excerpt":{"rendered":"<p>K\u00e4revere-Kardla teel\u00f5ik Tallinn-Tartu maanteel (2022) Kanama-Valingu teel\u00f5ik Tallinna ringteel (2022) Tallinna mnt 14 Sillam\u00e4el (2021) Viadukti p\u00f5ik 2 J\u00fcris (2020)<\/p>","protected":false},"author":2,"featured_media":732,"parent":89,"menu_order":0,"comment_status":"closed","ping_status":"closed","template":"","meta":{"om_disable_all_campaigns":false,"_monsterinsights_skip_tracking":false,"_monsterinsights_sitenote_active":false,"_monsterinsights_sitenote_note":"","_monsterinsights_sitenote_category":0,"footnotes":""},"class_list":["post-675","page","type-page","status-publish","has-post-thumbnail","hentry"],"aioseo_notices":[],"_links":{"self":[{"href":"https:\/\/infraway.ee\/en_us\/wp-json\/wp\/v2\/pages\/675","targetHints":{"allow":["GET"]}}],"collection":[{"href":"https:\/\/infraway.ee\/en_us\/wp-json\/wp\/v2\/pages"}],"about":[{"href":"https:\/\/infraway.ee\/en_us\/wp-json\/wp\/v2\/types\/page"}],"author":[{"embeddable":true,"href":"https:\/\/infraway.ee\/en_us\/wp-json\/wp\/v2\/users\/2"}],"replies":[{"embeddable":true,"href":"https:\/\/infraway.ee\/en_us\/wp-json\/wp\/v2\/comments?post=675"}],"version-history":[{"count":16,"href":"https:\/\/infraway.ee\/en_us\/wp-json\/wp\/v2\/pages\/675\/revisions"}],"predecessor-version":[{"id":1041,"href":"https:\/\/infraway.ee\/en_us\/wp-json\/wp\/v2\/pages\/675\/revisions\/1041"}],"up":[{"embeddable":true,"href":"https:\/\/infraway.ee\/en_us\/wp-json\/wp\/v2\/pages\/89"}],"wp:featuredmedia":[{"embeddable":true,"href":"https:\/\/infraway.ee\/en_us\/wp-json\/wp\/v2\/media\/732"}],"wp:attachment":[{"href":"https:\/\/infraway.ee\/en_us\/wp-json\/wp\/v2\/media?parent=675"}],"curies":[{"name":"wp","href":"https:\/\/api.w.org\/{rel}","templated":true}]}}