{"id":672,"date":"2023-07-21T11:06:50","date_gmt":"2023-07-21T08:06:50","guid":{"rendered":"https:\/\/infraway.ee\/?page_id=672"},"modified":"2023-08-03T11:09:38","modified_gmt":"2023-08-03T08:09:38","slug":"vaikerajatised","status":"publish","type":"page","link":"https:\/\/infraway.ee\/en_us\/projektid\/vaikerajatised\/","title":{"rendered":"Small facilities"},"content":{"rendered":"<div id=\"pl-672\"  class=\"panel-layout\" ><div id=\"pg-672-0\"  class=\"panel-grid panel-no-style\" ><div id=\"pgc-672-0-0\"  class=\"panel-grid-cell\" ><div id=\"panel-672-0-0-0\" class=\"so-panel widget widget_media_gallery panel-first-child\" data-index=\"0\" ><h3 class=\"widget-title\">Portal foundations on the Kanama-Valingu road section (2022)<\/h3><div id='gallery-1' class='gallery galleryid-672 gallery-columns-3 gallery-size-full'><figure class='gallery-item'>\n\t\t\t<div class='gallery-icon portrait'>\n\t\t\t\t<a href='https:\/\/infraway.ee\/wp-content\/uploads\/2023\/07\/IMG_7173-scaled.jpg'><img loading=\"lazy\" decoding=\"async\" width=\"1920\" height=\"2560\" src=\"https:\/\/infraway.ee\/wp-content\/uploads\/2023\/07\/IMG_7173-scaled.jpg\" class=\"attachment-full size-full\" alt=\"\" srcset=\"https:\/\/infraway.ee\/wp-content\/uploads\/2023\/07\/IMG_7173-scaled.jpg 1920w, https:\/\/infraway.ee\/wp-content\/uploads\/2023\/07\/IMG_7173-225x300.jpg 225w, https:\/\/infraway.ee\/wp-content\/uploads\/2023\/07\/IMG_7173-768x1024.jpg 768w, https:\/\/infraway.ee\/wp-content\/uploads\/2023\/07\/IMG_7173-1152x1536.jpg 1152w, https:\/\/infraway.ee\/wp-content\/uploads\/2023\/07\/IMG_7173-1536x2048.jpg 1536w\" sizes=\"auto, (max-width: 1920px) 100vw, 1920px\" \/><\/a>\n\t\t\t<\/div><\/figure><figure class='gallery-item'>\n\t\t\t<div class='gallery-icon portrait'>\n\t\t\t\t<a href='https:\/\/infraway.ee\/wp-content\/uploads\/2023\/07\/IMG_7178-scaled.jpg'><img loading=\"lazy\" decoding=\"async\" width=\"1920\" height=\"2560\" src=\"https:\/\/infraway.ee\/wp-content\/uploads\/2023\/07\/IMG_7178-scaled.jpg\" class=\"attachment-full size-full\" alt=\"\" srcset=\"https:\/\/infraway.ee\/wp-content\/uploads\/2023\/07\/IMG_7178-scaled.jpg 1920w, https:\/\/infraway.ee\/wp-content\/uploads\/2023\/07\/IMG_7178-225x300.jpg 225w, https:\/\/infraway.ee\/wp-content\/uploads\/2023\/07\/IMG_7178-768x1024.jpg 768w, https:\/\/infraway.ee\/wp-content\/uploads\/2023\/07\/IMG_7178-1152x1536.jpg 1152w, https:\/\/infraway.ee\/wp-content\/uploads\/2023\/07\/IMG_7178-1536x2048.jpg 1536w\" sizes=\"auto, (max-width: 1920px) 100vw, 1920px\" \/><\/a>\n\t\t\t<\/div><\/figure><figure class='gallery-item'>\n\t\t\t<div class='gallery-icon portrait'>\n\t\t\t\t<a href='https:\/\/infraway.ee\/wp-content\/uploads\/2023\/07\/IMG_7274-scaled.jpg'><img loading=\"lazy\" decoding=\"async\" width=\"1920\" height=\"2560\" src=\"https:\/\/infraway.ee\/wp-content\/uploads\/2023\/07\/IMG_7274-scaled.jpg\" class=\"attachment-full size-full\" alt=\"\" srcset=\"https:\/\/infraway.ee\/wp-content\/uploads\/2023\/07\/IMG_7274-scaled.jpg 1920w, https:\/\/infraway.ee\/wp-content\/uploads\/2023\/07\/IMG_7274-225x300.jpg 225w, https:\/\/infraway.ee\/wp-content\/uploads\/2023\/07\/IMG_7274-768x1024.jpg 768w, https:\/\/infraway.ee\/wp-content\/uploads\/2023\/07\/IMG_7274-1152x1536.jpg 1152w, https:\/\/infraway.ee\/wp-content\/uploads\/2023\/07\/IMG_7274-1536x2048.jpg 1536w\" sizes=\"auto, (max-width: 1920px) 100vw, 1920px\" \/><\/a>\n\t\t\t<\/div><\/figure><figure class='gallery-item'>\n\t\t\t<div class='gallery-icon portrait'>\n\t\t\t\t<a href='https:\/\/infraway.ee\/wp-content\/uploads\/2023\/07\/IMG_7276-scaled.jpg'><img loading=\"lazy\" decoding=\"async\" width=\"1920\" height=\"2560\" src=\"https:\/\/infraway.ee\/wp-content\/uploads\/2023\/07\/IMG_7276-scaled.jpg\" class=\"attachment-full size-full\" alt=\"\" srcset=\"https:\/\/infraway.ee\/wp-content\/uploads\/2023\/07\/IMG_7276-scaled.jpg 1920w, https:\/\/infraway.ee\/wp-content\/uploads\/2023\/07\/IMG_7276-225x300.jpg 225w, https:\/\/infraway.ee\/wp-content\/uploads\/2023\/07\/IMG_7276-768x1024.jpg 768w, https:\/\/infraway.ee\/wp-content\/uploads\/2023\/07\/IMG_7276-1152x1536.jpg 1152w, https:\/\/infraway.ee\/wp-content\/uploads\/2023\/07\/IMG_7276-1536x2048.jpg 1536w\" sizes=\"auto, (max-width: 1920px) 100vw, 1920px\" \/><\/a>\n\t\t\t<\/div><\/figure>\n\t\t<\/div>\n<\/div><div id=\"panel-672-0-0-1\" class=\"so-panel widget widget_media_gallery\" data-index=\"1\" ><h3 class=\"widget-title\">Pavilion installation in Tallinn (2022)<\/h3><div id='gallery-2' class='gallery galleryid-672 gallery-columns-3 gallery-size-full'><figure class='gallery-item'>\n\t\t\t<div class='gallery-icon portrait'>\n\t\t\t\t<a href='https:\/\/infraway.ee\/wp-content\/uploads\/2023\/07\/IMG_7144-scaled.jpg'><img loading=\"lazy\" decoding=\"async\" width=\"1920\" height=\"2560\" src=\"https:\/\/infraway.ee\/wp-content\/uploads\/2023\/07\/IMG_7144-scaled.jpg\" class=\"attachment-full size-full\" alt=\"\" srcset=\"https:\/\/infraway.ee\/wp-content\/uploads\/2023\/07\/IMG_7144-scaled.jpg 1920w, https:\/\/infraway.ee\/wp-content\/uploads\/2023\/07\/IMG_7144-225x300.jpg 225w, https:\/\/infraway.ee\/wp-content\/uploads\/2023\/07\/IMG_7144-768x1024.jpg 768w, https:\/\/infraway.ee\/wp-content\/uploads\/2023\/07\/IMG_7144-1152x1536.jpg 1152w, https:\/\/infraway.ee\/wp-content\/uploads\/2023\/07\/IMG_7144-1536x2048.jpg 1536w\" sizes=\"auto, (max-width: 1920px) 100vw, 1920px\" \/><\/a>\n\t\t\t<\/div><\/figure><figure class='gallery-item'>\n\t\t\t<div class='gallery-icon portrait'>\n\t\t\t\t<a href='https:\/\/infraway.ee\/wp-content\/uploads\/2023\/07\/IMG_7145-scaled.jpg'><img loading=\"lazy\" decoding=\"async\" width=\"1920\" height=\"2560\" src=\"https:\/\/infraway.ee\/wp-content\/uploads\/2023\/07\/IMG_7145-scaled.jpg\" class=\"attachment-full size-full\" alt=\"\" srcset=\"https:\/\/infraway.ee\/wp-content\/uploads\/2023\/07\/IMG_7145-scaled.jpg 1920w, https:\/\/infraway.ee\/wp-content\/uploads\/2023\/07\/IMG_7145-225x300.jpg 225w, https:\/\/infraway.ee\/wp-content\/uploads\/2023\/07\/IMG_7145-768x1024.jpg 768w, https:\/\/infraway.ee\/wp-content\/uploads\/2023\/07\/IMG_7145-1152x1536.jpg 1152w, https:\/\/infraway.ee\/wp-content\/uploads\/2023\/07\/IMG_7145-1536x2048.jpg 1536w\" sizes=\"auto, (max-width: 1920px) 100vw, 1920px\" \/><\/a>\n\t\t\t<\/div><\/figure>\n\t\t<\/div>\n<\/div><div id=\"panel-672-0-0-2\" class=\"so-panel widget widget_media_gallery\" data-index=\"2\" ><h3 class=\"widget-title\">Rooftop on Vesiv\u00e4rava street in Tallinn (2022)<\/h3><div id='gallery-3' class='gallery galleryid-672 gallery-columns-3 gallery-size-full'><figure class='gallery-item'>\n\t\t\t<div class='gallery-icon landscape'>\n\t\t\t\t<a href='https:\/\/infraway.ee\/wp-content\/uploads\/2023\/07\/308831005_807907680543920_5882977354127056826_n.jpg'><img loading=\"lazy\" decoding=\"async\" width=\"2016\" height=\"1512\" src=\"https:\/\/infraway.ee\/wp-content\/uploads\/2023\/07\/308831005_807907680543920_5882977354127056826_n.jpg\" class=\"attachment-full size-full\" alt=\"\" srcset=\"https:\/\/infraway.ee\/wp-content\/uploads\/2023\/07\/308831005_807907680543920_5882977354127056826_n.jpg 2016w, https:\/\/infraway.ee\/wp-content\/uploads\/2023\/07\/308831005_807907680543920_5882977354127056826_n-300x225.jpg 300w, https:\/\/infraway.ee\/wp-content\/uploads\/2023\/07\/308831005_807907680543920_5882977354127056826_n-1024x768.jpg 1024w, https:\/\/infraway.ee\/wp-content\/uploads\/2023\/07\/308831005_807907680543920_5882977354127056826_n-768x576.jpg 768w, https:\/\/infraway.ee\/wp-content\/uploads\/2023\/07\/308831005_807907680543920_5882977354127056826_n-1536x1152.jpg 1536w\" sizes=\"auto, (max-width: 2016px) 100vw, 2016px\" \/><\/a>\n\t\t\t<\/div><\/figure><figure class='gallery-item'>\n\t\t\t<div class='gallery-icon landscape'>\n\t\t\t\t<a href='https:\/\/infraway.ee\/wp-content\/uploads\/2023\/07\/310643315_488204346556522_229751406047722126_n.jpg'><img loading=\"lazy\" decoding=\"async\" width=\"2016\" height=\"1512\" src=\"https:\/\/infraway.ee\/wp-content\/uploads\/2023\/07\/310643315_488204346556522_229751406047722126_n.jpg\" class=\"attachment-full size-full\" alt=\"\" srcset=\"https:\/\/infraway.ee\/wp-content\/uploads\/2023\/07\/310643315_488204346556522_229751406047722126_n.jpg 2016w, https:\/\/infraway.ee\/wp-content\/uploads\/2023\/07\/310643315_488204346556522_229751406047722126_n-300x225.jpg 300w, https:\/\/infraway.ee\/wp-content\/uploads\/2023\/07\/310643315_488204346556522_229751406047722126_n-1024x768.jpg 1024w, https:\/\/infraway.ee\/wp-content\/uploads\/2023\/07\/310643315_488204346556522_229751406047722126_n-768x576.jpg 768w, https:\/\/infraway.ee\/wp-content\/uploads\/2023\/07\/310643315_488204346556522_229751406047722126_n-1536x1152.jpg 1536w\" sizes=\"auto, (max-width: 2016px) 100vw, 2016px\" \/><\/a>\n\t\t\t<\/div><\/figure><figure class='gallery-item'>\n\t\t\t<div class='gallery-icon portrait'>\n\t\t\t\t<a href='https:\/\/infraway.ee\/wp-content\/uploads\/2023\/07\/IMG_7727-scaled.jpg'><img loading=\"lazy\" decoding=\"async\" width=\"1920\" height=\"2560\" src=\"https:\/\/infraway.ee\/wp-content\/uploads\/2023\/07\/IMG_7727-scaled.jpg\" class=\"attachment-full size-full\" alt=\"\" srcset=\"https:\/\/infraway.ee\/wp-content\/uploads\/2023\/07\/IMG_7727-scaled.jpg 1920w, https:\/\/infraway.ee\/wp-content\/uploads\/2023\/07\/IMG_7727-225x300.jpg 225w, https:\/\/infraway.ee\/wp-content\/uploads\/2023\/07\/IMG_7727-768x1024.jpg 768w, https:\/\/infraway.ee\/wp-content\/uploads\/2023\/07\/IMG_7727-1152x1536.jpg 1152w, https:\/\/infraway.ee\/wp-content\/uploads\/2023\/07\/IMG_7727-1536x2048.jpg 1536w\" sizes=\"auto, (max-width: 1920px) 100vw, 1920px\" \/><\/a>\n\t\t\t<\/div><\/figure><figure class='gallery-item'>\n\t\t\t<div class='gallery-icon portrait'>\n\t\t\t\t<a href='https:\/\/infraway.ee\/wp-content\/uploads\/2023\/07\/IMG_7732-scaled.jpg'><img loading=\"lazy\" decoding=\"async\" width=\"1920\" height=\"2560\" src=\"https:\/\/infraway.ee\/wp-content\/uploads\/2023\/07\/IMG_7732-scaled.jpg\" class=\"attachment-full size-full\" alt=\"\" srcset=\"https:\/\/infraway.ee\/wp-content\/uploads\/2023\/07\/IMG_7732-scaled.jpg 1920w, https:\/\/infraway.ee\/wp-content\/uploads\/2023\/07\/IMG_7732-225x300.jpg 225w, https:\/\/infraway.ee\/wp-content\/uploads\/2023\/07\/IMG_7732-768x1024.jpg 768w, https:\/\/infraway.ee\/wp-content\/uploads\/2023\/07\/IMG_7732-1152x1536.jpg 1152w, https:\/\/infraway.ee\/wp-content\/uploads\/2023\/07\/IMG_7732-1536x2048.jpg 1536w\" sizes=\"auto, (max-width: 1920px) 100vw, 1920px\" \/><\/a>\n\t\t\t<\/div><\/figure>\n\t\t<\/div>\n<\/div><div id=\"panel-672-0-0-3\" class=\"so-panel widget widget_media_gallery panel-last-child\" data-index=\"3\" ><h3 class=\"widget-title\">Installation of a pipe bridge in Kuressaare (2021)<\/h3><div id='gallery-4' class='gallery galleryid-672 gallery-columns-3 gallery-size-full'><figure class='gallery-item'>\n\t\t\t<div class='gallery-icon landscape'>\n\t\t\t\t<a href='https:\/\/infraway.ee\/wp-content\/uploads\/2023\/07\/IMG_4946-scaled.jpg'><img loading=\"lazy\" decoding=\"async\" width=\"2560\" height=\"1920\" src=\"https:\/\/infraway.ee\/wp-content\/uploads\/2023\/07\/IMG_4946-scaled.jpg\" class=\"attachment-full size-full\" alt=\"\" srcset=\"https:\/\/infraway.ee\/wp-content\/uploads\/2023\/07\/IMG_4946-scaled.jpg 2560w, https:\/\/infraway.ee\/wp-content\/uploads\/2023\/07\/IMG_4946-300x225.jpg 300w, https:\/\/infraway.ee\/wp-content\/uploads\/2023\/07\/IMG_4946-1024x768.jpg 1024w, https:\/\/infraway.ee\/wp-content\/uploads\/2023\/07\/IMG_4946-768x576.jpg 768w, https:\/\/infraway.ee\/wp-content\/uploads\/2023\/07\/IMG_4946-1536x1152.jpg 1536w, https:\/\/infraway.ee\/wp-content\/uploads\/2023\/07\/IMG_4946-2048x1536.jpg 2048w\" sizes=\"auto, (max-width: 2560px) 100vw, 2560px\" \/><\/a>\n\t\t\t<\/div><\/figure><figure class='gallery-item'>\n\t\t\t<div class='gallery-icon landscape'>\n\t\t\t\t<a href='https:\/\/infraway.ee\/wp-content\/uploads\/2023\/07\/IMG_4947-scaled.jpg'><img loading=\"lazy\" decoding=\"async\" width=\"2560\" height=\"1920\" src=\"https:\/\/infraway.ee\/wp-content\/uploads\/2023\/07\/IMG_4947-scaled.jpg\" class=\"attachment-full size-full\" alt=\"\" srcset=\"https:\/\/infraway.ee\/wp-content\/uploads\/2023\/07\/IMG_4947-scaled.jpg 2560w, https:\/\/infraway.ee\/wp-content\/uploads\/2023\/07\/IMG_4947-300x225.jpg 300w, https:\/\/infraway.ee\/wp-content\/uploads\/2023\/07\/IMG_4947-1024x768.jpg 1024w, https:\/\/infraway.ee\/wp-content\/uploads\/2023\/07\/IMG_4947-768x576.jpg 768w, https:\/\/infraway.ee\/wp-content\/uploads\/2023\/07\/IMG_4947-1536x1152.jpg 1536w, https:\/\/infraway.ee\/wp-content\/uploads\/2023\/07\/IMG_4947-2048x1536.jpg 2048w\" sizes=\"auto, (max-width: 2560px) 100vw, 2560px\" \/><\/a>\n\t\t\t<\/div><\/figure><figure class='gallery-item'>\n\t\t\t<div class='gallery-icon landscape'>\n\t\t\t\t<a href='https:\/\/infraway.ee\/wp-content\/uploads\/2023\/07\/IMG_4948-scaled.jpg'><img loading=\"lazy\" decoding=\"async\" width=\"2560\" height=\"1920\" src=\"https:\/\/infraway.ee\/wp-content\/uploads\/2023\/07\/IMG_4948-scaled.jpg\" class=\"attachment-full size-full\" alt=\"\" srcset=\"https:\/\/infraway.ee\/wp-content\/uploads\/2023\/07\/IMG_4948-scaled.jpg 2560w, https:\/\/infraway.ee\/wp-content\/uploads\/2023\/07\/IMG_4948-300x225.jpg 300w, https:\/\/infraway.ee\/wp-content\/uploads\/2023\/07\/IMG_4948-1024x768.jpg 1024w, https:\/\/infraway.ee\/wp-content\/uploads\/2023\/07\/IMG_4948-768x576.jpg 768w, https:\/\/infraway.ee\/wp-content\/uploads\/2023\/07\/IMG_4948-1536x1152.jpg 1536w, https:\/\/infraway.ee\/wp-content\/uploads\/2023\/07\/IMG_4948-2048x1536.jpg 2048w\" sizes=\"auto, (max-width: 2560px) 100vw, 2560px\" \/><\/a>\n\t\t\t<\/div><\/figure><figure class='gallery-item'>\n\t\t\t<div class='gallery-icon landscape'>\n\t\t\t\t<a href='https:\/\/infraway.ee\/wp-content\/uploads\/2023\/07\/IMG_4966-scaled.jpg'><img loading=\"lazy\" decoding=\"async\" width=\"2560\" height=\"1920\" src=\"https:\/\/infraway.ee\/wp-content\/uploads\/2023\/07\/IMG_4966-scaled.jpg\" class=\"attachment-full size-full\" alt=\"\" srcset=\"https:\/\/infraway.ee\/wp-content\/uploads\/2023\/07\/IMG_4966-scaled.jpg 2560w, https:\/\/infraway.ee\/wp-content\/uploads\/2023\/07\/IMG_4966-300x225.jpg 300w, https:\/\/infraway.ee\/wp-content\/uploads\/2023\/07\/IMG_4966-1024x768.jpg 1024w, https:\/\/infraway.ee\/wp-content\/uploads\/2023\/07\/IMG_4966-768x576.jpg 768w, https:\/\/infraway.ee\/wp-content\/uploads\/2023\/07\/IMG_4966-1536x1152.jpg 1536w, https:\/\/infraway.ee\/wp-content\/uploads\/2023\/07\/IMG_4966-2048x1536.jpg 2048w\" sizes=\"auto, (max-width: 2560px) 100vw, 2560px\" \/><\/a>\n\t\t\t<\/div><\/figure>\n\t\t<\/div>\n<\/div><\/div><\/div><\/div>","protected":false},"excerpt":{"rendered":"<p>Portaalide vundamendid Kanama-Valingu teel\u00f5igul (2022) Paviljoni paigaldus Tallinnas (2022) Katusealune Vesiv\u00e4rava t\u00e4naval Tallinnas (2022) Torusilla montaa\u017e Kuressaares (2021)<\/p>","protected":false},"author":2,"featured_media":780,"parent":89,"menu_order":0,"comment_status":"closed","ping_status":"closed","template":"","meta":{"om_disable_all_campaigns":false,"_monsterinsights_skip_tracking":false,"_monsterinsights_sitenote_active":false,"_monsterinsights_sitenote_note":"","_monsterinsights_sitenote_category":0,"footnotes":""},"class_list":["post-672","page","type-page","status-publish","has-post-thumbnail","hentry"],"aioseo_notices":[],"_links":{"self":[{"href":"https:\/\/infraway.ee\/en_us\/wp-json\/wp\/v2\/pages\/672","targetHints":{"allow":["GET"]}}],"collection":[{"href":"https:\/\/infraway.ee\/en_us\/wp-json\/wp\/v2\/pages"}],"about":[{"href":"https:\/\/infraway.ee\/en_us\/wp-json\/wp\/v2\/types\/page"}],"author":[{"embeddable":true,"href":"https:\/\/infraway.ee\/en_us\/wp-json\/wp\/v2\/users\/2"}],"replies":[{"embeddable":true,"href":"https:\/\/infraway.ee\/en_us\/wp-json\/wp\/v2\/comments?post=672"}],"version-history":[{"count":13,"href":"https:\/\/infraway.ee\/en_us\/wp-json\/wp\/v2\/pages\/672\/revisions"}],"predecessor-version":[{"id":1055,"href":"https:\/\/infraway.ee\/en_us\/wp-json\/wp\/v2\/pages\/672\/revisions\/1055"}],"up":[{"embeddable":true,"href":"https:\/\/infraway.ee\/en_us\/wp-json\/wp\/v2\/pages\/89"}],"wp:featuredmedia":[{"embeddable":true,"href":"https:\/\/infraway.ee\/en_us\/wp-json\/wp\/v2\/media\/780"}],"wp:attachment":[{"href":"https:\/\/infraway.ee\/en_us\/wp-json\/wp\/v2\/media?parent=672"}],"curies":[{"name":"wp","href":"https:\/\/api.w.org\/{rel}","templated":true}]}}