{"id":157,"date":"2018-04-24T08:31:20","date_gmt":"2018-04-24T08:31:20","guid":{"rendered":"http:\/\/demo.acmethemes.com\/construction-field-pro\/?page_id=25"},"modified":"2023-08-03T11:01:03","modified_gmt":"2023-08-03T08:01:03","slug":"esileht","status":"publish","type":"page","link":"https:\/\/infraway.ee\/en_us\/","title":{"rendered":"Infraway"},"content":{"rendered":"<div id=\"pl-157\"  class=\"panel-layout\" ><div id=\"pg-157-0\"  class=\"panel-grid panel-no-style\" ><div id=\"pgc-157-0-0\"  class=\"panel-grid-cell\" ><div id=\"panel-157-0-0-0\" class=\"so-panel widget widget_media_image panel-first-child\" data-index=\"0\" ><img loading=\"lazy\" decoding=\"async\" width=\"2560\" height=\"1920\" src=\"https:\/\/infraway.ee\/wp-content\/uploads\/2021\/12\/IMG_5613-scaled.jpg\" class=\"image wp-image-9  attachment-full size-full\" alt=\"\" style=\"max-width: 100%; height: auto;\" srcset=\"https:\/\/infraway.ee\/wp-content\/uploads\/2021\/12\/IMG_5613-scaled.jpg 2560w, https:\/\/infraway.ee\/wp-content\/uploads\/2021\/12\/IMG_5613-300x225.jpg 300w, https:\/\/infraway.ee\/wp-content\/uploads\/2021\/12\/IMG_5613-1024x768.jpg 1024w, https:\/\/infraway.ee\/wp-content\/uploads\/2021\/12\/IMG_5613-768x576.jpg 768w, https:\/\/infraway.ee\/wp-content\/uploads\/2021\/12\/IMG_5613-1536x1152.jpg 1536w, https:\/\/infraway.ee\/wp-content\/uploads\/2021\/12\/IMG_5613-2048x1536.jpg 2048w\" sizes=\"auto, (max-width: 2560px) 100vw, 2560px\" \/><\/div><div id=\"panel-157-0-0-1\" class=\"so-panel widget widget_construction_field_about\" data-index=\"1\" >            <section id=\"construction_field_about-1\" class=\"at-widgets acme-abouts\">\r\n                <div class=\"container\">\r\n\r\n\t\t\t\t\t<div class='at-widget-title-wrapper'><h3 class=\"widget-title\">test<\/h3><\/div>                    <div class=\"row featured-entries-col featured-entries-logo column\">\r\n\t\t\t\t\t\t                    <\/div><!--row-->\r\n\t                                <\/div><!--cointainer-->\r\n            <\/section>\r\n\t\t\t<\/div><div id=\"panel-157-0-0-2\" class=\"so-panel widget widget_construction_field_team panel-last-child\" data-index=\"2\" >            <section id=\"construction_field_team-1\" class=\"at-widgets acme-teams at-gray-bg\">\r\n                <div class=\"container\">\r\n\t               <div class='at-widget-title-wrapper'><h3 class=\"widget-title\">Our Team 123<\/h3>                            <p class=\"at-subtitle\">Lorem ipsum dolor sit amet, consectetur adipisicing elit, sed do eiusmod tempor incididunt ut labore et dolore magna aliqua. Ut enim ad minim veniam,<\/p>\r\n                            <\/div>                    <div class=\"row featured-entries-col featured-entries-logo column\">\r\n                                                            <div class=\"single-list col-sm-12 col-md-3\">\r\n                                        <div class=\"team-item init-animate zoomIn\">\r\n                                            <div class=\"team-author\">\r\n                                                <div class=\"team-img-box\">\r\n                                                                                                    <\/div>\r\n                                                <div class=\"team-author-details team-no-img\">\r\n                                                    <h3 class=\"team-name\">\r\n\t\t                                                SPECIAL CONSTRUCTION WORKS                                                    <\/h3>\r\n                                                                                                            <div class=\"team-details\">\r\n\t\t                                                    <p>Rajatiste remont ja rekonstrueerimine Pinnaset\u00f6\u00f6d ja aluste ettevalmistus P\u00f5llumajandus- ja t\u00f6\u00f6stusrajatiste konstruktiivsed terviklahendused<\/p>\n                                                        <\/div>\r\n\t                                                                                                    <\/div>\r\n                                            <\/div>\r\n                                        <\/div>\r\n                                    <\/div>\r\n                                                                        <div class=\"single-list col-sm-12 col-md-3\">\r\n                                        <div class=\"team-item init-animate zoomIn\">\r\n                                            <div class=\"team-author\">\r\n                                                <div class=\"team-img-box\">\r\n                                                                                                    <\/div>\r\n                                                <div class=\"team-author-details team-no-img\">\r\n                                                    <h3 class=\"team-name\">\r\n\t\t                                                CONCRETE WORKS                                                    <\/h3>\r\n                                                                                                            <div class=\"team-details\">\r\n\t\t                                                    <p>Monteeritavate konstruktsioonide paigaldus Monoliitbetoonist konstruktsioonide ehitus Konstruktsioonide projekteerimine<\/p>\n                                                        <\/div>\r\n\t                                                                                                    <\/div>\r\n                                            <\/div>\r\n                                        <\/div>\r\n                                    <\/div>\r\n                                                        <\/div><!--row-->\r\n\t                                <\/div>\r\n            <\/section>\r\n            <\/div><\/div><\/div><\/div>","protected":false},"excerpt":{"rendered":"","protected":false},"author":1,"featured_media":0,"parent":0,"menu_order":0,"comment_status":"closed","ping_status":"closed","template":"","meta":{"om_disable_all_campaigns":false,"_monsterinsights_skip_tracking":false,"_monsterinsights_sitenote_active":false,"_monsterinsights_sitenote_note":"","_monsterinsights_sitenote_category":0,"footnotes":""},"class_list":["post-157","page","type-page","status-publish","hentry"],"aioseo_notices":[],"_links":{"self":[{"href":"https:\/\/infraway.ee\/en_us\/wp-json\/wp\/v2\/pages\/157","targetHints":{"allow":["GET"]}}],"collection":[{"href":"https:\/\/infraway.ee\/en_us\/wp-json\/wp\/v2\/pages"}],"about":[{"href":"https:\/\/infraway.ee\/en_us\/wp-json\/wp\/v2\/types\/page"}],"author":[{"embeddable":true,"href":"https:\/\/infraway.ee\/en_us\/wp-json\/wp\/v2\/users\/1"}],"replies":[{"embeddable":true,"href":"https:\/\/infraway.ee\/en_us\/wp-json\/wp\/v2\/comments?post=157"}],"version-history":[{"count":27,"href":"https:\/\/infraway.ee\/en_us\/wp-json\/wp\/v2\/pages\/157\/revisions"}],"predecessor-version":[{"id":1037,"href":"https:\/\/infraway.ee\/en_us\/wp-json\/wp\/v2\/pages\/157\/revisions\/1037"}],"wp:attachment":[{"href":"https:\/\/infraway.ee\/en_us\/wp-json\/wp\/v2\/media?parent=157"}],"curies":[{"name":"wp","href":"https:\/\/api.w.org\/{rel}","templated":true}]}}